{"id":3698,"date":"2021-06-21T12:09:13","date_gmt":"2021-06-21T10:09:13","guid":{"rendered":"https:\/\/www.gefluegel-klein.de\/data-privacy-statement\/"},"modified":"2021-06-22T11:31:14","modified_gmt":"2021-06-22T09:31:14","slug":"data-privacy-statement","status":"publish","type":"page","link":"https:\/\/www.gefluegel-klein.de\/en\/data-privacy-statement\/","title":{"rendered":"Data Privacy"},"content":{"rendered":"<p>[et_pb_section fb_built=&#8221;1&#8243; inner_shadow=&#8221;on&#8221; fullwidth=&#8221;on&#8221; admin_label=&#8221;Header&#8221; _builder_version=&#8221;4.9.7&#8243; _module_preset=&#8221;default&#8221; background_enable_image=&#8221;off&#8221; locked=&#8221;off&#8221; collapsed=&#8221;off&#8221;][et_pb_fullwidth_header title=&#8221; &#8221; subhead=&#8221; &#8221; content_max_width=&#8221;66%&#8221; content_max_width_tablet=&#8221;100%&#8221; content_max_width_phone=&#8221;&#8221; content_max_width_last_edited=&#8221;on|tablet&#8221; module_class=&#8221;bgprimcol H1Header&#8221; _builder_version=&#8221;4.9.7&#8243; _module_preset=&#8221;default&#8221; title_font=&#8221;|800|||||||&#8221; subhead_text_color=&#8221;#FAFBF9&#8243; background_enable_color=&#8221;off&#8221; background_image=&#8221;https:\/\/www.gefluegel-klein.de\/wp-content\/uploads\/2021\/06\/klein-aussenaufnahme-fontaine.jpg&#8221; min_height=&#8221;705px&#8221; min_height_tablet=&#8221;&#8221; min_height_phone=&#8221;&#8221; min_height_last_edited=&#8221;on|desktop&#8221; custom_padding=&#8221;224px|||60px|false|false&#8221; custom_padding_tablet=&#8221;50px|||20px|false|false&#8221; custom_padding_phone=&#8221;0px|||0px|false|false&#8221; custom_padding_last_edited=&#8221;on|phone&#8221; title_text_shadow_style=&#8221;preset1&#8243;][\/et_pb_fullwidth_header][\/et_pb_section][et_pb_section fb_built=&#8221;1&#8243; admin_label=&#8221;\u00dcberschrift&#8221; module_class=&#8221;bgprimcol&#8221; _builder_version=&#8221;4.9.0&#8243; _module_preset=&#8221;default&#8221; custom_margin=&#8221;||0px||false|false&#8221; custom_padding=&#8221;60px||0px||false|false&#8221; locked=&#8221;off&#8221; collapsed=&#8221;off&#8221;][et_pb_row admin_label=&#8221;Intro Row&#8221; module_class=&#8221;Seitenmodul_2_3&#8243; _builder_version=&#8221;4.9.0&#8243; background_enable_color=&#8221;off&#8221; custom_margin=&#8221;||0px||false|false&#8221; custom_padding=&#8221;0px||0px|||&#8221;][et_pb_column type=&#8221;4_4&#8243; _builder_version=&#8221;3.25&#8243; custom_padding=&#8221;|||&#8221; custom_padding__hover=&#8221;|||&#8221;][et_pb_text _builder_version=&#8221;4.9.7&#8243; header_2_font=&#8221;||||||||&#8221; background_layout=&#8221;dark&#8221; module_alignment=&#8221;center&#8221; custom_margin=&#8221;-1px||||false|false&#8221; hover_enabled=&#8221;0&#8243; sticky_enabled=&#8221;0&#8243;]<\/p>\n<h1 class=\"wieh2 zentriert\">Data Privacy Statement<\/h1>\n<hr>\n<p>[\/et_pb_text][\/et_pb_column][\/et_pb_row][\/et_pb_section][et_pb_section fb_built=&#8221;1&#8243; admin_label=&#8221;Content Sektion&#8221; module_class=&#8221;bgprimcol&#8221; _builder_version=&#8221;4.9.0&#8243; background_enable_color=&#8221;off&#8221; custom_margin=&#8221;||||false|false&#8221; custom_padding=&#8221;45px||75px|||&#8221; top_divider_color=&#8221;#2B282B&#8221; top_divider_height=&#8221;40px&#8221; collapsed=&#8221;off&#8221;][et_pb_row admin_label=&#8221;Content Zeile&#8221; module_class=&#8221;Seitenmodul_2_3 Textabschnitt&#8221; _builder_version=&#8221;4.9.0&#8243; background_enable_color=&#8221;off&#8221; custom_padding=&#8221;0px||0px|||&#8221; collapsed=&#8221;off&#8221;][et_pb_column type=&#8221;4_4&#8243; _builder_version=&#8221;3.25&#8243; custom_padding=&#8221;|||&#8221; custom_padding__hover=&#8221;|||&#8221;][et_pb_text admin_label=&#8221;Text&#8221; module_class=&#8221;Seitenmodul_1_3&#8243; _builder_version=&#8221;4.9.7&#8243; header_font=&#8221;||||||||&#8221; header_2_font=&#8221;Oswald|||on|||||&#8221; header_2_font_size=&#8221;45px&#8221; header_2_letter_spacing=&#8221;3px&#8221; header_2_line_height=&#8221;1.4em&#8221; background_layout=&#8221;dark&#8221; custom_margin=&#8221;|||&#8221; hover_enabled=&#8221;0&#8243; sticky_enabled=&#8221;0&#8243;]<\/p>\n<h3>1. Data Privacy Overview<\/h2>\n<h4>General Notes<\/h3>\n<p>The following notes will give you an easily comprehensible overview of what will happen to your personal data once you visit our website. Personal data means all data by which you can be personally identified. For more detailed information on data privacy issues please read our data privacy statement listed below this text.  <\/p>\n<h4>Data Collection on our Website<\/h3>\n<p><strong><b>Who is responsible for data collection on this website?<\/b><\/strong><\/p>\n<p>Data processing on this website is performed by the website operator whose contact details can be found in the legal notice of this website. <\/p>\n<p><strong><b>How do we process your data?<\/b><\/strong><\/p>\n<p>Your data is collected once you report it to us. This may include, for example, any data entered into a contact form. <\/p>\n<p>Other data is automatically collected by our IT systems upon visiting our website. First and foremost, this includes technical data (such as internet browsers, operating systems or page view date and time). This data is collected automatically as soon as you enter our website.  <\/p>\n<p><strong><b>What is the purpose of collecting your data?<\/b><\/strong><\/p>\n<p>A part of your data is collected to enable a flawless operation of the website. Other data can be used for analyzing your user behaviour. <\/p>\n<p><strong><b>Which rights do you have in relation to your data?<\/b><\/strong><\/p>\n<p>You have the right to obtain anytime free-of-charge information on the origin, recipient and purpose of your personal data being stored. You also have the right to request the adjustment, locking or deletion of this data. If you have any further questions concerning this or other data privacy issues, please do not hesitate to contact us by using the address details indicated in these present legal notes. Furthermore, you have a right to appeal before the competent supervisory authority.   <\/p>\n<h4>Analytical Tools and Tools by Third Party Providers<\/h3>\n<p>Upon visiting our website, your surfing habits can be statistically assessed. First and foremost, this assessment is performed by using cookies and so-called analysis programs. Your surfing habits are regularly assessed while ensuring your anonymity; surfing habits cannot be traced back to you. You can object this analysis or prevent it by avoiding the use of specific tools. For more detailed information please read our data privacy statement below.    <\/p>\n<p>You can file an objection against this analysis. The purpose of this data privacy statement is to inform you about your options to appeal. <\/p>\n<h3>2. General Notes and Compulsory Information<\/h2>\n<h4>Data Privacy<\/h3>\n<p>The operators of these web pages take the protection of your personal data very seriously. We shall treat confidential and process your personal data in compliance with legal data privacy regulations and this data privacy statement. <\/p>\n<p>Several personal data will be collected when you use this website. Personal data means all data by which you can be personally identified. The present data privacy statement highlights which data will be collected and for what it will be used. The mentioned statement also explains how and for what purpose this is made.   <\/p>\n<p>Please note that online data transmission (for example, via e-mail messages) can bear the risk of security loopholes. Full data protection against third party access is not possible. <\/p>\n<h4>Information on the Responsible Authority<\/h3>\n<p>The authority bearing responsibility for data processing on this website is:<\/p>\n<p>KLEIN GmbH &amp; Co. KG<br \/>\nSchmiedestra\u00dfe 3<br \/>\n48317 Drensteinfurt<\/p>\n<p>Phone: 02508 \/ 99 44 \u2013 0 E-mail: info@gefluegel-klein.de\n<\/p>\n<p>The responsible authority is the natural or legal person who, individually or jointly with others, decides over the purposes and means of personal data processing (such as names, e-mail addresses or similar).<\/p>\n<h4>Revocation of Data Processing Consent<\/h3>\n<p>Many data processing operations will be possible only upon your prior explicit consent. You can revoke a previously given consent at any time. All you will have to do is send us an informal writing via e-mail. This revocation shall not affect the legality of any data processed until the revocation.   <\/p>\n<h4>Right to Data Portability<\/h3>\n<p>You have the right to obtain, by transmission in a common format to you or to any third party, any data that we process automatically based on your consent or in compliance with any agreement. Should you demand direct transmission of your data to another authorized person, it will be possible only if technically feasible. <\/p>\n<h4>SSL or TLS Encryption<\/h3>\n<p>For security reasons, and to protect the transmission of confidential content, such as orders or enquiries that you send to us as website operator, this website uses SSL or TLS encryptions. An encrypted connection is apparently being created whenever the address bar of your browser switches from \u201chttp:\/\/\u201d to \u201chttps:\/\/\u201d which is also indicated by the lock icon in your browser bar.  <\/p>\n<p>As soon as SSL or TLS encryption is activated, no data that you transmit to us can be accessed by third parties.<\/p>\n<h4>Information, Locking, Deletion<\/h3>\n<p>In accordance with the applicable legal provisions, you have the right to obtain free-of-charge information on your stored personal data, its origin and recipient, and the purpose of data processing, at any time, as well as a right to adjustment, locking or deletion of such data. If you have any further questions concerning this or other personal data issues, please do not hesitate to contact us by using the address details indicated in the legal notes. <\/p>\n<h4>Objection against Advertising by E-mail<\/h3>\n<p>The use of contact data, that is published in compliance with the legal notes obligation, for the purpose of sending non-explicitly solicited advertising and information materials is hereby objected. The website operators reserve the explicit right to take legal actions in the event of sending unsolicited advertising information, for example, by spam e-mails. <\/p>\n<h3>3. Data Collection on our Website<\/h2>\n<h4>Cookies<\/h3>\n<p>The web pages partially use so-called cookies. Cookies do not cause any damage to your computer and they do not contain any computer viruses. Cookies help to make our offer more user-friendly, effective and secure. Cookies are small text files placed on your computer and stored by your browser.   <\/p>\n<p>Most cookies used by us are so-called \u201csession cookies\u201d. They will be deleted automatically after the end of your visit. Other cookies remain stored on your device until you delete them. These cookies allow us to re-identify your browser upon your next visit.   <\/p>\n<p>You can customize your browser in a way that enables you to draw information on the placement of cookies and that only allows cookies in particular cases, to exclude the acceptance of cookies in particular cases or in general, and to activate the automatic deletion of cookies when closing your browser. The deactivation of cookies can restrict the functionality of this website. <\/p>\n<p>Cookies required for implementing the electronic communication process, or for making available specific functions on your demand (for example, shopping cart function), are stored on the grounds of Article 6 Subsection 1 Part f GDPR. The website operator has a reasonable interest in storing cookies for the purpose of providing an error-free and optimized experience of his services. To the extent to which other cookies (for example, cookies for the analysis of your surfing habits) are stored, such cookies will be addressed separately in this data privacy statement.    <\/p>\n<h4>Server Log Files<\/h3>\n<p>The provider of the web pages collects and stores information automatically in so-called server log files which are automatically being transmitted to us by your browser. These are: <\/p>\n<ul>\n<li>\n<p>browser type and browser version<\/p>\n<\/li>\n<li>\n<p>applied operating system<\/p>\n<\/li>\n<li>\n<p>referrer URL<\/p>\n<\/li>\n<li>\n<p>host name of the accessing computer<\/p>\n<\/li>\n<li>\n<p>server request date and time<\/p>\n<\/li>\n<li>\n<p>IP address<\/p>\n<\/li>\n<\/ul>\n<p>This data will not be merged with other data sources.<\/p>\n<p>Data processing is based on Article 6 Subsection 1 Part f GDPR which permits data processing in compliance with a contract or pre-contractual instrument.  <\/p>\n<h4>Contact Form<\/h3>\n<p>If you send us enquiries via the contact form, your information from the enquiry form including your contact details indicated therein will be stored with us for the purpose of processing your enquiry and for potential follow-up questions. This data will not be transmitted without your prior permission. <\/p>\n<p>Your data entered into the contact form will therefore be processed exclusively upon your prior consent (Article 6 Subsection 1 Part a GDPR). You can revoke this consent at any time. All you will have to do is send us an informal writing via e-mail. This revocation shall not affect the legality of any data processed until the revocation.   <\/p>\n<p>Your data entered into the contact form remain with us until you prompt us to delete them, until you revoke your consent to store them or as soon as the purpose of data storage becomes inexistent (for example, after having fully processed your enquiry). Compulsory legal regulations \u2013 in particular retention periods \u2013 remain unaffected. <\/p>\n<h3>4. Analyze Tools and Advertising<\/h2>\n<h4>Google Analytics<\/h3>\n<p>This website uses functions of the web analysis provider Google Analytics. The provider is Google Inc., 1600 Amphitheatre Parkway, Mountain View, CA 94043, USA.<\/p>\n<p>Google Analytics uses so-called &#8220;cookies&#8221;. These are text files stored on your computer and allowing to analyze your use of the website. The information on your use of the website, which is generated by the cookie, will regularly be transmitted to a Google server in the USA and stored there.  <\/p>\n<p>Google Analytics cookies are stored on the grounds of Article 6 Subsection 1 Part f GDPR. The website operator has a reasonable interest in analyzing user behaviour for the purpose of optimizing both his web offer and his advertising.   <\/p>\n<p><strong><b>IP Anonymization<\/b><\/strong><\/p>\n<p>We activated the IP anonymization function on this website. It enables Google to shorten your IP address within the borders of member states of the European Union or other contracting states to the Agreement on the European Economic Area before transmitting it into the USA. Only in exceptional cases, the full IP address will be transmitted to a Google server into the USA and shortened there. On behalf of the operator of this website, Google will use this information to analyze your use of the website, to compile reports on the website\u2019s activities and to render further services to the website operator in connection with the use of the website and the internet. The IP address transmitted from your browser by means of Google Analytics will not be merged with other data from Google.    <\/p>\n<p><strong><b>Browser Plugin<\/b><\/strong><\/p>\n<p>You can prevent storing of cookies by making a relevant adjustment in your browser software; however, please note that this might impede you from proper use of all functions of this website. You can also prevent the collection of the data (including your IP address) generated by the cookie and related to your use of the website and prevent the processing of this data by Google, by downloading and installing the browser plugin available via the following link: <a href=\"https:\/\/tools.google.com\/dlpage\/gaoptout?hl=de\" target=\"_blank\" rel=\"noopener\">https:\/\/tools.google.com\/dlpage\/gaoptout?hl=de<\/a>. <\/p>\n<p><strong><b>Objection against Data Collection<\/b><\/strong><\/p>\n<p>For more information on handling user data at Google Analytics please read Google\u2019s data privacy statement: <a href=\"https:\/\/support.google.com\/analytics\/answer\/6004245?hl=de\" target=\"_blank\" rel=\"noopener\">https:\/\/support.google.com\/analytics\/answer\/6004245?hl=de<\/a>.<\/p>\n<p><strong><b>Contract Data Processing<\/b><\/strong><\/p>\n<p>We concluded an agreement with Google on contract data processing and fully observe implementation of the strict requirements by German data privacy authorities in relation to the use of Google Analytics.<\/p>\n<p><strong><b>Demographic Features at Google Analytics<\/b><\/strong><\/p>\n<p>This website uses the function of \u201cdemographic features\u201d by Google Analytics. It enables to create reports including data on age, gender and interests of website visitors. This information originates from interest-based advertising by Google and from website visitor data by third party providers. This data cannot be traced back to any specific person. You can always deactivate this function in the display settings of your Google account or generally prohibit the collection of your data by Google Analytics as described under the headline \u201cObjection against Data Collection\u201d.    <\/p>\n<p>[\/et_pb_text][\/et_pb_column][\/et_pb_row][\/et_pb_section]<\/p>\n","protected":false},"excerpt":{"rendered":"<p>Data Privacy Statement 1. Data Privacy Overview General Notes The following notes will give you an easily comprehensible overview of what will happen to your personal data once you visit our website. Personal data means all data by which you can be personally identified. For more detailed information on data privacy issues please read our [&hellip;]<\/p>\n","protected":false},"author":1,"featured_media":0,"parent":0,"menu_order":0,"comment_status":"closed","ping_status":"closed","template":"","meta":{"_et_pb_use_builder":"on","_et_pb_old_content":"","_et_gb_content_width":"","footnotes":""},"class_list":["post-3698","page","type-page","status-publish","hentry"],"yoast_head":"<!-- This site is optimized with the Yoast SEO plugin v27.1.1 - https:\/\/yoast.com\/product\/yoast-seo-wordpress\/ -->\n<title>Data Privacy - Klein Gefl\u00fcgelmanufaktur<\/title>\n<meta name=\"robots\" content=\"index, follow, max-snippet:-1, max-image-preview:large, max-video-preview:-1\" \/>\n<link rel=\"canonical\" href=\"https:\/\/www.gefluegel-klein.de\/en\/data-privacy-statement\/\" \/>\n<meta property=\"og:locale\" content=\"en_US\" \/>\n<meta property=\"og:type\" content=\"article\" \/>\n<meta property=\"og:title\" content=\"Data Privacy - Klein Gefl\u00fcgelmanufaktur\" \/>\n<meta property=\"og:description\" content=\"Data Privacy Statement 1. Data Privacy Overview General Notes The following notes will give you an easily comprehensible overview of what will happen to your personal data once you visit our website. Personal data means all data by which you can be personally identified. For more detailed information on data privacy issues please read our [&hellip;]\" \/>\n<meta property=\"og:url\" content=\"https:\/\/www.gefluegel-klein.de\/en\/data-privacy-statement\/\" \/>\n<meta property=\"og:site_name\" content=\"Klein Gefl\u00fcgelmanufaktur\" \/>\n<meta property=\"article:modified_time\" content=\"2021-06-22T09:31:14+00:00\" \/>\n<meta name=\"twitter:card\" content=\"summary_large_image\" \/>\n<meta name=\"twitter:label1\" content=\"Est. reading time\" \/>\n\t<meta name=\"twitter:data1\" content=\"11 minutes\" \/>\n<script type=\"application\/ld+json\" class=\"yoast-schema-graph\">{\"@context\":\"https:\/\/schema.org\",\"@graph\":[{\"@type\":\"WebPage\",\"@id\":\"https:\/\/www.gefluegel-klein.de\/en\/data-privacy-statement\/\",\"url\":\"https:\/\/www.gefluegel-klein.de\/en\/data-privacy-statement\/\",\"name\":\"Data Privacy - Klein Gefl\u00fcgelmanufaktur\",\"isPartOf\":{\"@id\":\"https:\/\/www.gefluegel-klein.de\/#website\"},\"datePublished\":\"2021-06-21T10:09:13+00:00\",\"dateModified\":\"2021-06-22T09:31:14+00:00\",\"breadcrumb\":{\"@id\":\"https:\/\/www.gefluegel-klein.de\/en\/data-privacy-statement\/#breadcrumb\"},\"inLanguage\":\"en-US\",\"potentialAction\":[{\"@type\":\"ReadAction\",\"target\":[\"https:\/\/www.gefluegel-klein.de\/en\/data-privacy-statement\/\"]}]},{\"@type\":\"BreadcrumbList\",\"@id\":\"https:\/\/www.gefluegel-klein.de\/en\/data-privacy-statement\/#breadcrumb\",\"itemListElement\":[{\"@type\":\"ListItem\",\"position\":1,\"name\":\"Startseite\",\"item\":\"https:\/\/www.gefluegel-klein.de\/en\/\"},{\"@type\":\"ListItem\",\"position\":2,\"name\":\"Data Privacy\"}]},{\"@type\":\"WebSite\",\"@id\":\"https:\/\/www.gefluegel-klein.de\/#website\",\"url\":\"https:\/\/www.gefluegel-klein.de\/\",\"name\":\"Klein Gefl\u00fcgelmanufaktur\",\"description\":\"Gefl\u00fcgelprodukte h\u00f6chster Qualit\u00e4t seit 1963\",\"potentialAction\":[{\"@type\":\"SearchAction\",\"target\":{\"@type\":\"EntryPoint\",\"urlTemplate\":\"https:\/\/www.gefluegel-klein.de\/?s={search_term_string}\"},\"query-input\":{\"@type\":\"PropertyValueSpecification\",\"valueRequired\":true,\"valueName\":\"search_term_string\"}}],\"inLanguage\":\"en-US\"}]}<\/script>\n<!-- \/ Yoast SEO plugin. -->","yoast_head_json":{"title":"Data Privacy - Klein Gefl\u00fcgelmanufaktur","robots":{"index":"index","follow":"follow","max-snippet":"max-snippet:-1","max-image-preview":"max-image-preview:large","max-video-preview":"max-video-preview:-1"},"canonical":"https:\/\/www.gefluegel-klein.de\/en\/data-privacy-statement\/","og_locale":"en_US","og_type":"article","og_title":"Data Privacy - Klein Gefl\u00fcgelmanufaktur","og_description":"Data Privacy Statement 1. Data Privacy Overview General Notes The following notes will give you an easily comprehensible overview of what will happen to your personal data once you visit our website. Personal data means all data by which you can be personally identified. For more detailed information on data privacy issues please read our [&hellip;]","og_url":"https:\/\/www.gefluegel-klein.de\/en\/data-privacy-statement\/","og_site_name":"Klein Gefl\u00fcgelmanufaktur","article_modified_time":"2021-06-22T09:31:14+00:00","twitter_card":"summary_large_image","twitter_misc":{"Est. reading time":"11 minutes"},"schema":{"@context":"https:\/\/schema.org","@graph":[{"@type":"WebPage","@id":"https:\/\/www.gefluegel-klein.de\/en\/data-privacy-statement\/","url":"https:\/\/www.gefluegel-klein.de\/en\/data-privacy-statement\/","name":"Data Privacy - Klein Gefl\u00fcgelmanufaktur","isPartOf":{"@id":"https:\/\/www.gefluegel-klein.de\/#website"},"datePublished":"2021-06-21T10:09:13+00:00","dateModified":"2021-06-22T09:31:14+00:00","breadcrumb":{"@id":"https:\/\/www.gefluegel-klein.de\/en\/data-privacy-statement\/#breadcrumb"},"inLanguage":"en-US","potentialAction":[{"@type":"ReadAction","target":["https:\/\/www.gefluegel-klein.de\/en\/data-privacy-statement\/"]}]},{"@type":"BreadcrumbList","@id":"https:\/\/www.gefluegel-klein.de\/en\/data-privacy-statement\/#breadcrumb","itemListElement":[{"@type":"ListItem","position":1,"name":"Startseite","item":"https:\/\/www.gefluegel-klein.de\/en\/"},{"@type":"ListItem","position":2,"name":"Data Privacy"}]},{"@type":"WebSite","@id":"https:\/\/www.gefluegel-klein.de\/#website","url":"https:\/\/www.gefluegel-klein.de\/","name":"Klein Gefl\u00fcgelmanufaktur","description":"Gefl\u00fcgelprodukte h\u00f6chster Qualit\u00e4t seit 1963","potentialAction":[{"@type":"SearchAction","target":{"@type":"EntryPoint","urlTemplate":"https:\/\/www.gefluegel-klein.de\/?s={search_term_string}"},"query-input":{"@type":"PropertyValueSpecification","valueRequired":true,"valueName":"search_term_string"}}],"inLanguage":"en-US"}]}},"_links":{"self":[{"href":"https:\/\/www.gefluegel-klein.de\/en\/wp-json\/wp\/v2\/pages\/3698","targetHints":{"allow":["GET"]}}],"collection":[{"href":"https:\/\/www.gefluegel-klein.de\/en\/wp-json\/wp\/v2\/pages"}],"about":[{"href":"https:\/\/www.gefluegel-klein.de\/en\/wp-json\/wp\/v2\/types\/page"}],"author":[{"embeddable":true,"href":"https:\/\/www.gefluegel-klein.de\/en\/wp-json\/wp\/v2\/users\/1"}],"replies":[{"embeddable":true,"href":"https:\/\/www.gefluegel-klein.de\/en\/wp-json\/wp\/v2\/comments?post=3698"}],"version-history":[{"count":5,"href":"https:\/\/www.gefluegel-klein.de\/en\/wp-json\/wp\/v2\/pages\/3698\/revisions"}],"predecessor-version":[{"id":3742,"href":"https:\/\/www.gefluegel-klein.de\/en\/wp-json\/wp\/v2\/pages\/3698\/revisions\/3742"}],"wp:attachment":[{"href":"https:\/\/www.gefluegel-klein.de\/en\/wp-json\/wp\/v2\/media?parent=3698"}],"curies":[{"name":"wp","href":"https:\/\/api.w.org\/{rel}","templated":true}]}}