{"id":3695,"date":"2021-06-21T11:58:26","date_gmt":"2021-06-21T09:58:26","guid":{"rendered":"https:\/\/www.gefluegel-klein.de\/legal-notice\/"},"modified":"2023-01-02T11:39:41","modified_gmt":"2023-01-02T10:39:41","slug":"legal-notice","status":"publish","type":"page","link":"https:\/\/www.gefluegel-klein.de\/en\/legal-notice\/","title":{"rendered":"Legal Notice"},"content":{"rendered":"<p>[et_pb_section fb_built=&#8221;1&#8243; inner_shadow=&#8221;on&#8221; fullwidth=&#8221;on&#8221; admin_label=&#8221;Header&#8221; _builder_version=&#8221;4.16&#8243; _module_preset=&#8221;default&#8221; background_enable_image=&#8221;off&#8221; locked=&#8221;off&#8221; collapsed=&#8221;on&#8221; global_colors_info=&#8221;{}&#8221;][et_pb_fullwidth_header title=&#8221; &#8221; subhead=&#8221; &#8221; content_max_width=&#8221;66%&#8221; content_max_width_tablet=&#8221;100%&#8221; content_max_width_phone=&#8221;&#8221; content_max_width_last_edited=&#8221;on|tablet&#8221; module_class=&#8221;bgprimcol H1Header&#8221; _builder_version=&#8221;4.16&#8243; _module_preset=&#8221;default&#8221; title_font=&#8221;|800|||||||&#8221; subhead_text_color=&#8221;#FAFBF9&#8243; background_enable_color=&#8221;off&#8221; background_image=&#8221;https:\/\/www.gefluegel-klein.de\/wp-content\/uploads\/2021\/06\/klein-aussenaufnahme-fontaine.jpg&#8221; min_height=&#8221;705px&#8221; min_height_tablet=&#8221;&#8221; min_height_phone=&#8221;&#8221; min_height_last_edited=&#8221;on|desktop&#8221; custom_padding=&#8221;224px|||60px|false|false&#8221; custom_padding_tablet=&#8221;50px|||20px|false|false&#8221; custom_padding_phone=&#8221;0px|||0px|false|false&#8221; custom_padding_last_edited=&#8221;on|phone&#8221; title_text_shadow_style=&#8221;preset1&#8243; global_colors_info=&#8221;{}&#8221;][\/et_pb_fullwidth_header][\/et_pb_section][et_pb_section fb_built=&#8221;1&#8243; admin_label=&#8221;\u00dcberschrift&#8221; module_class=&#8221;bgprimcol&#8221; _builder_version=&#8221;4.16&#8243; _module_preset=&#8221;default&#8221; custom_margin=&#8221;||0px||false|false&#8221; custom_padding=&#8221;60px||0px||false|false&#8221; locked=&#8221;off&#8221; collapsed=&#8221;on&#8221; global_colors_info=&#8221;{}&#8221;][et_pb_row admin_label=&#8221;Intro Row&#8221; module_class=&#8221;Seitenmodul_2_3&#8243; _builder_version=&#8221;4.16&#8243; background_enable_color=&#8221;off&#8221; custom_margin=&#8221;||0px||false|false&#8221; custom_padding=&#8221;0px||0px|||&#8221; global_colors_info=&#8221;{}&#8221;][et_pb_column type=&#8221;4_4&#8243; _builder_version=&#8221;4.16&#8243; custom_padding=&#8221;|||&#8221; global_colors_info=&#8221;{}&#8221; custom_padding__hover=&#8221;|||&#8221;][et_pb_text _builder_version=&#8221;4.16&#8243; header_2_font=&#8221;||||||||&#8221; background_layout=&#8221;dark&#8221; module_alignment=&#8221;center&#8221; custom_margin=&#8221;-1px||||false|false&#8221; global_colors_info=&#8221;{}&#8221;]<\/p>\n<h1 class=\"wieh2 zentriert\">Legal Notice<\/h1>\n<hr>\n<p>[\/et_pb_text][\/et_pb_column][\/et_pb_row][\/et_pb_section][et_pb_section fb_built=&#8221;1&#8243; admin_label=&#8221;Content Sektion&#8221; module_class=&#8221;bgprimcol&#8221; _builder_version=&#8221;4.16&#8243; background_enable_color=&#8221;off&#8221; custom_margin=&#8221;||||false|false&#8221; custom_padding=&#8221;45px||75px|||&#8221; top_divider_color=&#8221;#2B282B&#8221; top_divider_height=&#8221;40px&#8221; collapsed=&#8221;on&#8221; global_colors_info=&#8221;{}&#8221;][et_pb_row admin_label=&#8221;Content Zeile&#8221; module_class=&#8221;Seitenmodul_2_3 Textabschnitt&#8221; _builder_version=&#8221;4.16&#8243; background_enable_color=&#8221;off&#8221; custom_padding=&#8221;0px||0px|||&#8221; collapsed=&#8221;off&#8221; global_colors_info=&#8221;{}&#8221;][et_pb_column type=&#8221;4_4&#8243; _builder_version=&#8221;4.16&#8243; custom_padding=&#8221;|||&#8221; global_colors_info=&#8221;{}&#8221; custom_padding__hover=&#8221;|||&#8221;][et_pb_text admin_label=&#8221;Text&#8221; module_class=&#8221;Seitenmodul_1_3&#8243; _builder_version=&#8221;4.16&#8243; header_font=&#8221;||||||||&#8221; header_2_font=&#8221;Oswald|||on|||||&#8221; header_2_font_size=&#8221;45px&#8221; header_2_letter_spacing=&#8221;3px&#8221; header_2_line_height=&#8221;1.4em&#8221; background_layout=&#8221;dark&#8221; custom_margin=&#8221;|||&#8221; global_colors_info=&#8221;{}&#8221;]<\/p>\n<h3>Information in Accordance with \u00a7 5 TMG:<\/h3>\n<p>KLEIN GmbH &amp; Co. KG<br \/>Schmiedestra\u00dfe 3<br \/>48317 Drensteinfurt<\/p>\n<h3>Represented by:<\/h3>\n<p>Personally liable shareholder: KLEIN GmbH Managing directors authorized to represent: Dipl.-Kfm. Michael Klein, Thomas Klein, Hendrik Richter<\/p>\n<h3>Contact:<\/h3>\n<p>Phone: +49 (0) 2508 \/ 99 44 \u2013 0 Fax: +49 (0) 2508 \/ 99 44 \u2013 10 E-mail: info@gefluegel-klein.de<\/p>\n<h3>Register Entry:<\/h3>\n<p>Trade register entry: Register court: M\u00fcnster Local Court Register number: HRA 6391 EV 253 \u00b7 EZ 592 \u00b7 EK 124<\/p>\n<h3>Value-added Tax:<\/h3>\n<p>VAT-ID no. according to \u00a727 a VAT Act: DE 123928865<\/p>\n<h3>Content Responsibility According to \u00a7 55 Subsection 2 RStV:<\/h3>\n<p>KLEIN GmbH &amp; Co. KG<br \/>Schmiedestra\u00dfe 3<br \/>48317 Drensteinfurt<\/p>\n<h3>Dispute Settlement<\/h3>\n<p>The European Commission provides an online dispute resolution platform on https:\/\/ec.europa.eu\/consumers\/odr. Our e-mail address can be found above in these present legal notes. We are neither willing nor obliged to take part in any dispute settlement before any consumer arbitration body.<\/p>\n<h3>Content Liability<\/h3>\n<p>In our function as service provider according to \u00a7 7 Subsection 1 TMG, we are liable for our own content on these web pages in compliance with the general legislations. According to \u00a7\u00a7 8 to 10 TMG, we, in our function as service provider, are however not obliged to monitor any external data transmitted or stored, or to investigate any circumstances that would suggest the existence of an illegal activity. Obligations to remove or to block the use of information in accordance with general legislations shall remain unaffected by this. However, no relevant liability can be assumed before receiving notice of an actual rights violation. Upon becoming aware of any relevant rights violation, we will remove this content immediately.<\/p>\n<h3>Liability for Links<\/h3>\n<p>Our offer includes links to external websites of third parties on whose content we have no influence. For this reason, we cannot assume any liability for such external content. The content of these linked websites shall always be borne by the relevant provider or website operator. The linked websites were checked for any potential rights violations in the moment of linking. No illegal content was identifiable in the moment of linking. However, no permanent control with regards to the contents of linked websites would be reasonable without any concrete hint of rights violations. We will remove such links when becoming aware of rights violations.<\/p>\n<h3>Copyright<\/h3>\n<p>Contents and works created by website operators appearing on these web pages are subject to German copyright laws. The reproduction, editing, publishing and all sorts of exploitation surpassing copyright law restrictions require the prior written consent by the relevant author or originator. Downloads and copies of this website are solely permitted for private, non-commercial use. Copyrights of third parties will be respected, provided, that these website contents were not created by the operator. Especially third party\u2019s content will be indicated as such. Should you still become aware of any copyright violation, please inform us accordingly. Upon becoming aware of any rights violation, we will remove the applicable content immediately.<\/p>\n<h3>Concept &amp; Design<\/h3>\n<p><a href=\"https:\/\/online-profession.de\" target=\"_blank\" rel=\"noopener\">Online-Profession<\/a><\/p>\n<p>[\/et_pb_text][\/et_pb_column][\/et_pb_row][\/et_pb_section]<\/p>\n","protected":false},"excerpt":{"rendered":"<p>Legal Notice Information in Accordance with \u00a7 5 TMG: KLEIN GmbH &amp; Co. KGSchmiedestra\u00dfe 348317 Drensteinfurt Represented by: Personally liable shareholder: KLEIN GmbH Managing directors authorized to represent: Dipl.-Kfm. Michael Klein, Thomas Klein, Hendrik Richter Contact: Phone: +49 (0) 2508 \/ 99 44 \u2013 0 Fax: +49 (0) 2508 \/ 99 44 \u2013 10 E-mail: [&hellip;]<\/p>\n","protected":false},"author":1,"featured_media":0,"parent":0,"menu_order":0,"comment_status":"closed","ping_status":"closed","template":"","meta":{"_et_pb_use_builder":"on","_et_pb_old_content":"","_et_gb_content_width":"","footnotes":""},"class_list":["post-3695","page","type-page","status-publish","hentry"],"yoast_head":"<!-- This site is optimized with the Yoast SEO plugin v27.6 - https:\/\/yoast.com\/product\/yoast-seo-wordpress\/ -->\n<title>Legal Notice - Klein Gefl\u00fcgelmanufaktur<\/title>\n<meta name=\"robots\" content=\"index, follow, max-snippet:-1, max-image-preview:large, max-video-preview:-1\" \/>\n<link rel=\"canonical\" href=\"https:\/\/www.gefluegel-klein.de\/impressum\/\" \/>\n<meta property=\"og:locale\" content=\"en_US\" \/>\n<meta property=\"og:type\" content=\"article\" \/>\n<meta property=\"og:title\" content=\"Legal Notice - Klein Gefl\u00fcgelmanufaktur\" \/>\n<meta property=\"og:description\" content=\"Legal Notice Information in Accordance with \u00a7 5 TMG: KLEIN GmbH &amp; Co. KGSchmiedestra\u00dfe 348317 Drensteinfurt Represented by: Personally liable shareholder: KLEIN GmbH Managing directors authorized to represent: Dipl.-Kfm. Michael Klein, Thomas Klein, Hendrik Richter Contact: Phone: +49 (0) 2508 \/ 99 44 \u2013 0 Fax: +49 (0) 2508 \/ 99 44 \u2013 10 E-mail: [&hellip;]\" \/>\n<meta property=\"og:url\" content=\"https:\/\/www.gefluegel-klein.de\/impressum\/\" \/>\n<meta property=\"og:site_name\" content=\"Klein Gefl\u00fcgelmanufaktur\" \/>\n<meta property=\"article:modified_time\" content=\"2023-01-02T10:39:41+00:00\" \/>\n<meta name=\"twitter:card\" content=\"summary_large_image\" \/>\n<meta name=\"twitter:label1\" content=\"Est. reading time\" \/>\n\t<meta name=\"twitter:data1\" content=\"4 minutes\" \/>\n<script type=\"application\/ld+json\" class=\"yoast-schema-graph\">{\"@context\":\"https:\\\/\\\/schema.org\",\"@graph\":[{\"@type\":\"WebPage\",\"@id\":\"https:\\\/\\\/www.gefluegel-klein.de\\\/impressum\\\/\",\"url\":\"https:\\\/\\\/www.gefluegel-klein.de\\\/impressum\\\/\",\"name\":\"Legal Notice - Klein Gefl\u00fcgelmanufaktur\",\"isPartOf\":{\"@id\":\"https:\\\/\\\/www.gefluegel-klein.de\\\/#website\"},\"datePublished\":\"2021-06-21T09:58:26+00:00\",\"dateModified\":\"2023-01-02T10:39:41+00:00\",\"breadcrumb\":{\"@id\":\"https:\\\/\\\/www.gefluegel-klein.de\\\/impressum\\\/#breadcrumb\"},\"inLanguage\":\"en-US\",\"potentialAction\":[{\"@type\":\"ReadAction\",\"target\":[\"https:\\\/\\\/www.gefluegel-klein.de\\\/impressum\\\/\"]}]},{\"@type\":\"BreadcrumbList\",\"@id\":\"https:\\\/\\\/www.gefluegel-klein.de\\\/impressum\\\/#breadcrumb\",\"itemListElement\":[{\"@type\":\"ListItem\",\"position\":1,\"name\":\"Startseite\",\"item\":\"https:\\\/\\\/www.gefluegel-klein.de\\\/en\\\/\"},{\"@type\":\"ListItem\",\"position\":2,\"name\":\"Legal Notice\"}]},{\"@type\":\"WebSite\",\"@id\":\"https:\\\/\\\/www.gefluegel-klein.de\\\/#website\",\"url\":\"https:\\\/\\\/www.gefluegel-klein.de\\\/\",\"name\":\"Klein Gefl\u00fcgelmanufaktur\",\"description\":\"Gefl\u00fcgelprodukte h\u00f6chster Qualit\u00e4t seit 1963\",\"potentialAction\":[{\"@type\":\"SearchAction\",\"target\":{\"@type\":\"EntryPoint\",\"urlTemplate\":\"https:\\\/\\\/www.gefluegel-klein.de\\\/?s={search_term_string}\"},\"query-input\":{\"@type\":\"PropertyValueSpecification\",\"valueRequired\":true,\"valueName\":\"search_term_string\"}}],\"inLanguage\":\"en-US\"}]}<\/script>\n<!-- \/ Yoast SEO plugin. -->","yoast_head_json":{"title":"Legal Notice - Klein Gefl\u00fcgelmanufaktur","robots":{"index":"index","follow":"follow","max-snippet":"max-snippet:-1","max-image-preview":"max-image-preview:large","max-video-preview":"max-video-preview:-1"},"canonical":"https:\/\/www.gefluegel-klein.de\/impressum\/","og_locale":"en_US","og_type":"article","og_title":"Legal Notice - Klein Gefl\u00fcgelmanufaktur","og_description":"Legal Notice Information in Accordance with \u00a7 5 TMG: KLEIN GmbH &amp; Co. KGSchmiedestra\u00dfe 348317 Drensteinfurt Represented by: Personally liable shareholder: KLEIN GmbH Managing directors authorized to represent: Dipl.-Kfm. Michael Klein, Thomas Klein, Hendrik Richter Contact: Phone: +49 (0) 2508 \/ 99 44 \u2013 0 Fax: +49 (0) 2508 \/ 99 44 \u2013 10 E-mail: [&hellip;]","og_url":"https:\/\/www.gefluegel-klein.de\/impressum\/","og_site_name":"Klein Gefl\u00fcgelmanufaktur","article_modified_time":"2023-01-02T10:39:41+00:00","twitter_card":"summary_large_image","twitter_misc":{"Est. reading time":"4 minutes"},"schema":{"@context":"https:\/\/schema.org","@graph":[{"@type":"WebPage","@id":"https:\/\/www.gefluegel-klein.de\/impressum\/","url":"https:\/\/www.gefluegel-klein.de\/impressum\/","name":"Legal Notice - Klein Gefl\u00fcgelmanufaktur","isPartOf":{"@id":"https:\/\/www.gefluegel-klein.de\/#website"},"datePublished":"2021-06-21T09:58:26+00:00","dateModified":"2023-01-02T10:39:41+00:00","breadcrumb":{"@id":"https:\/\/www.gefluegel-klein.de\/impressum\/#breadcrumb"},"inLanguage":"en-US","potentialAction":[{"@type":"ReadAction","target":["https:\/\/www.gefluegel-klein.de\/impressum\/"]}]},{"@type":"BreadcrumbList","@id":"https:\/\/www.gefluegel-klein.de\/impressum\/#breadcrumb","itemListElement":[{"@type":"ListItem","position":1,"name":"Startseite","item":"https:\/\/www.gefluegel-klein.de\/en\/"},{"@type":"ListItem","position":2,"name":"Legal Notice"}]},{"@type":"WebSite","@id":"https:\/\/www.gefluegel-klein.de\/#website","url":"https:\/\/www.gefluegel-klein.de\/","name":"Klein Gefl\u00fcgelmanufaktur","description":"Gefl\u00fcgelprodukte h\u00f6chster Qualit\u00e4t seit 1963","potentialAction":[{"@type":"SearchAction","target":{"@type":"EntryPoint","urlTemplate":"https:\/\/www.gefluegel-klein.de\/?s={search_term_string}"},"query-input":{"@type":"PropertyValueSpecification","valueRequired":true,"valueName":"search_term_string"}}],"inLanguage":"en-US"}]}},"_links":{"self":[{"href":"https:\/\/www.gefluegel-klein.de\/en\/wp-json\/wp\/v2\/pages\/3695","targetHints":{"allow":["GET"]}}],"collection":[{"href":"https:\/\/www.gefluegel-klein.de\/en\/wp-json\/wp\/v2\/pages"}],"about":[{"href":"https:\/\/www.gefluegel-klein.de\/en\/wp-json\/wp\/v2\/types\/page"}],"author":[{"embeddable":true,"href":"https:\/\/www.gefluegel-klein.de\/en\/wp-json\/wp\/v2\/users\/1"}],"replies":[{"embeddable":true,"href":"https:\/\/www.gefluegel-klein.de\/en\/wp-json\/wp\/v2\/comments?post=3695"}],"version-history":[{"count":8,"href":"https:\/\/www.gefluegel-klein.de\/en\/wp-json\/wp\/v2\/pages\/3695\/revisions"}],"predecessor-version":[{"id":4621,"href":"https:\/\/www.gefluegel-klein.de\/en\/wp-json\/wp\/v2\/pages\/3695\/revisions\/4621"}],"wp:attachment":[{"href":"https:\/\/www.gefluegel-klein.de\/en\/wp-json\/wp\/v2\/media?parent=3695"}],"curies":[{"name":"wp","href":"https:\/\/api.w.org\/{rel}","templated":true}]}}