{"id":2572,"date":"2021-04-23T12:01:11","date_gmt":"2021-04-23T10:01:11","guid":{"rendered":"https:\/\/www.gefluegel-klein.de\/produkte\/gegart-gekocht\/"},"modified":"2021-06-23T16:48:45","modified_gmt":"2021-06-23T14:48:45","slug":"cooked","status":"publish","type":"page","link":"https:\/\/www.gefluegel-klein.de\/en\/products\/cooked\/","title":{"rendered":"cooked"},"content":{"rendered":"<p>[et_pb_section fb_built=&#8221;1&#8243; fullwidth=&#8221;on&#8221; _builder_version=&#8221;4.9.0&#8243; _module_preset=&#8221;default&#8221; collapsed=&#8221;off&#8221;][et_pb_fullwidth_header title=&#8221;Cooked poultry convenience&#8221; subhead=&#8221;For professionals at highest quality&#8221; content_max_width=&#8221;66%&#8221; content_max_width_tablet=&#8221;100%&#8221; content_max_width_phone=&#8221;&#8221; content_max_width_last_edited=&#8221;on|tablet&#8221; module_class=&#8221;bgprimcol H1Header&#8221; _builder_version=&#8221;4.9.7&#8243; _module_preset=&#8221;default&#8221; title_font=&#8221;||||||||&#8221; subhead_text_color=&#8221;#FAFBF9&#8243; background_enable_color=&#8221;off&#8221; background_image=&#8221;https:\/\/www.gefluegel-klein.de\/wp-content\/uploads\/2021\/05\/klein-gefluegel-header-frikassee.jpg&#8221; min_height=&#8221;705px&#8221; min_height_tablet=&#8221;&#8221; min_height_phone=&#8221;&#8221; min_height_last_edited=&#8221;on|desktop&#8221; custom_padding=&#8221;224px|||60px|false|false&#8221; custom_padding_tablet=&#8221;50px|||20px|false|false&#8221; custom_padding_phone=&#8221;0px|||0px|false|false&#8221; custom_padding_last_edited=&#8221;on|phone&#8221; hover_enabled=&#8221;0&#8243; title_text_shadow_style=&#8221;preset1&#8243; locked=&#8221;off&#8221; sticky_enabled=&#8221;0&#8243;][\/et_pb_fullwidth_header][\/et_pb_section][et_pb_section fb_built=&#8221;1&#8243; admin_label=&#8221;gegarte\/gekochte-Produkte Headline&#8221; module_class=&#8221;bgprimcol&#8221; _builder_version=&#8221;4.9.0&#8243; _module_preset=&#8221;default&#8221; custom_padding=&#8221;60px|||||&#8221; collapsed=&#8221;on&#8221;][et_pb_row admin_label=&#8221;Intro Row&#8221; module_class=&#8221;Seitenmodul_2_3 Textabschnitt&#8221; _builder_version=&#8221;4.9.0&#8243; background_enable_color=&#8221;off&#8221; custom_margin=&#8221;||0px||false|false&#8221; custom_padding=&#8221;0px||0px|||&#8221;][et_pb_column type=&#8221;4_4&#8243; _builder_version=&#8221;3.25&#8243; custom_padding=&#8221;|||&#8221; custom_padding__hover=&#8221;|||&#8221;][et_pb_text _builder_version=&#8221;4.9.7&#8243; header_2_font=&#8221;||||||||&#8221; background_layout=&#8221;dark&#8221; module_alignment=&#8221;center&#8221; custom_margin=&#8221;-1px||||false|false&#8221;]<\/p>\n<h2 class=\"zentriert\">Our cooked products<\/h2>\n<hr \/>\n<p>[\/et_pb_text][\/et_pb_column][\/et_pb_row][\/et_pb_section][et_pb_section fb_built=&#8221;1&#8243; admin_label=&#8221;cooked products&#8221; module_class=&#8221;bgprimcol&#8221; _builder_version=&#8221;4.9.0&#8243; background_enable_color=&#8221;off&#8221; custom_margin=&#8221;||||false|false&#8221; custom_padding=&#8221;||75px||false|false&#8221; top_divider_color=&#8221;#2B282B&#8221; top_divider_height=&#8221;40px&#8221; saved_tabs=&#8221;all&#8221; locked=&#8221;off&#8221; collapsed=&#8221;on&#8221;][et_pb_row column_structure=&#8221;1_3,1_3,1_3&#8243; use_custom_gutter=&#8221;on&#8221; _builder_version=&#8221;4.9.0&#8243; background_enable_color=&#8221;off&#8221; width=&#8221;63%&#8221; custom_padding=&#8221;60px||20px||false|false&#8221; border_radii=&#8221;on|6px|6px|6px|6px&#8221; locked=&#8221;off&#8221; collapsed=&#8221;off&#8221;][et_pb_column type=&#8221;1_3&#8243; _builder_version=&#8221;3.25&#8243; custom_padding=&#8221;|||&#8221; custom_padding__hover=&#8221;|||&#8221;][et_pb_image src=&#8221;https:\/\/www.gefluegel-klein.de\/wp-content\/uploads\/2021\/05\/klein-produktfoto-huehnerfleisch.jpg&#8221; alt=&#8221;H\u00fchnerfleisch, gegart und gew\u00fcrfelt, auf schwarzem Teller serviert, mit Besteck und etwas Beilage&#8221; url=&#8221;@ET-DC@eyJkeW5hbWljIjp0cnVlLCJjb250ZW50IjoicG9zdF9saW5rX3VybF9wYWdlIiwic2V0dGluZ3MiOnsicG9zdF9pZCI6IjE3MTcifX0=@&#8221; show_bottom_space=&#8221;off&#8221; _builder_version=&#8221;4.9.4&#8243; _dynamic_attributes=&#8221;url&#8221; _module_preset=&#8221;default&#8221; custom_margin=&#8221;||14px||false|false&#8221; animation_style=&#8221;zoom&#8221; animation_duration=&#8221;700ms&#8221;][\/et_pb_image][et_pb_text _builder_version=&#8221;4.9.7&#8243; _dynamic_attributes=&#8221;link_option_url&#8221; _module_preset=&#8221;default&#8221; background_layout=&#8221;dark&#8221; animation_style=&#8221;zoom&#8221; animation_duration=&#8221;700ms&#8221; link_option_url=&#8221;@ET-DC@eyJkeW5hbWljIjp0cnVlLCJjb250ZW50IjoicG9zdF9saW5rX3VybF9wYWdlIiwic2V0dGluZ3MiOnsicG9zdF9pZCI6IjgxNCJ9fQ==@&#8221;]<\/p>\n<div><a class=\"produktlink\" href=\"https:\/\/www.gefluegel-klein.de\/en\/products\/cooked\/hen-meat-cooked-diced-natural-proportion\/\"><\/p>\n<h3>Hen meat<\/h3>\n<p class=\"prodshortdesc\">steam cooked, diced, natural proportion<br \/>\n<span class=\"halal\">Halal<\/span><\/p>\n<p><\/a><\/div>\n<p>[\/et_pb_text][\/et_pb_column][et_pb_column type=&#8221;1_3&#8243; _builder_version=&#8221;3.25&#8243; custom_padding=&#8221;|||&#8221; custom_padding__hover=&#8221;|||&#8221;][et_pb_image src=&#8221;https:\/\/www.gefluegel-klein.de\/wp-content\/uploads\/2021\/05\/klein-produktfoto-haehnchenbrust-gegart-gewuerfelt.jpg&#8221; alt=&#8221;H\u00e4hnchenbrust, gegart und gew\u00fcrfelt, auf schwarzem Teller serviert, mit Besteck und etwas Beilage&#8221; url=&#8221;@ET-DC@eyJkeW5hbWljIjp0cnVlLCJjb250ZW50IjoicG9zdF9saW5rX3VybF9wYWdlIiwic2V0dGluZ3MiOnsicG9zdF9pZCI6IjE3MDUifX0=@&#8221; show_bottom_space=&#8221;off&#8221; _builder_version=&#8221;4.9.4&#8243; _dynamic_attributes=&#8221;url&#8221; _module_preset=&#8221;default&#8221; custom_margin=&#8221;||14px||false|false&#8221; animation_style=&#8221;zoom&#8221; animation_duration=&#8221;700ms&#8221;][\/et_pb_image][et_pb_text _builder_version=&#8221;4.9.7&#8243; _dynamic_attributes=&#8221;link_option_url&#8221; _module_preset=&#8221;default&#8221; background_layout=&#8221;dark&#8221; animation_style=&#8221;zoom&#8221; animation_duration=&#8221;700ms&#8221; link_option_url=&#8221;@ET-DC@eyJkeW5hbWljIjp0cnVlLCJjb250ZW50IjoicG9zdF9saW5rX3VybF9wYWdlIiwic2V0dGluZ3MiOnsicG9zdF9pZCI6IjExNTgifX0=@&#8221;]<\/p>\n<div><a class=\"produktlink\" href=\"https:\/\/www.gefluegel-klein.de\/en\/products\/cooked\/chicken-breast-steam-cooked-diced\/\"><\/p>\n<h3>Chicken breast<\/h3>\n<p class=\"prodshortdesc\">steam cooked, diced<br \/>\n<span class=\"halal\">Halal<\/span><\/p>\n<p><\/a><\/div>\n<p>[\/et_pb_text][\/et_pb_column][et_pb_column type=&#8221;1_3&#8243; _builder_version=&#8221;3.25&#8243; custom_padding=&#8221;|||&#8221; custom_padding__hover=&#8221;|||&#8221;][et_pb_image src=&#8221;https:\/\/www.gefluegel-klein.de\/wp-content\/uploads\/2021\/05\/klein-produktfoto-haehnchenfleisch.jpg&#8221; alt=&#8221;H\u00e4hnchenfleisch, gegart und gew\u00fcrfelt, auf schwarzem Teller serviert, mit Besteck und etwas Beilage&#8221; url=&#8221;@ET-DC@eyJkeW5hbWljIjp0cnVlLCJjb250ZW50IjoicG9zdF9saW5rX3VybF9wYWdlIiwic2V0dGluZ3MiOnsicG9zdF9pZCI6IjE3MTIifX0=@&#8221; show_bottom_space=&#8221;off&#8221; _builder_version=&#8221;4.9.4&#8243; _dynamic_attributes=&#8221;url&#8221; _module_preset=&#8221;default&#8221; custom_margin=&#8221;||14px||false|false&#8221; animation_style=&#8221;zoom&#8221; animation_duration=&#8221;700ms&#8221;][\/et_pb_image][et_pb_text _builder_version=&#8221;4.9.7&#8243; _dynamic_attributes=&#8221;link_option_url&#8221; _module_preset=&#8221;default&#8221; background_layout=&#8221;dark&#8221; animation_style=&#8221;zoom&#8221; animation_duration=&#8221;700ms&#8221; link_option_url=&#8221;@ET-DC@eyJkeW5hbWljIjp0cnVlLCJjb250ZW50IjoicG9zdF9saW5rX3VybF9wYWdlIiwic2V0dGluZ3MiOnsicG9zdF9pZCI6IjExNjIifX0=@&#8221;]<\/p>\n<div><a class=\"produktlink\" href=\"https:\/\/www.gefluegel-klein.de\/en\/products\/cooked\/chicken-meat-steam-cooked-diced-natural-proportion\/\"><\/p>\n<h3>Chicken meat<\/h3>\n<p class=\"prodshortdesc\">steam cooked, diced, natural proportion<br \/>\n<span class=\"halal\">Halal<\/span><\/p>\n<p><\/a><\/div>\n<p>[\/et_pb_text][\/et_pb_column][\/et_pb_row][\/et_pb_section]<\/p>\n","protected":false},"excerpt":{"rendered":"<p>Our cooked products Hen meat steam cooked, diced, natural proportion Halal Chicken breast steam cooked, diced Halal Chicken meat steam cooked, diced, natural proportion Halal<\/p>\n","protected":false},"author":1,"featured_media":0,"parent":2568,"menu_order":0,"comment_status":"closed","ping_status":"closed","template":"","meta":{"_et_pb_use_builder":"on","_et_pb_old_content":"","_et_gb_content_width":"","footnotes":""},"class_list":["post-2572","page","type-page","status-publish","hentry"],"yoast_head":"<!-- This site is optimized with the Yoast SEO plugin v27.6 - https:\/\/yoast.com\/product\/yoast-seo-wordpress\/ -->\n<title>Cooked poultry: convenience products by Klein Gefl\u00fcgelfeinkost<\/title>\n<meta name=\"description\" content=\"Discover the product range in cooked poultry convenience food at Klein Gefl\u00fcgelfeinkost - Your partner for quality &amp; reliability.\" \/>\n<meta name=\"robots\" content=\"index, follow, max-snippet:-1, max-image-preview:large, max-video-preview:-1\" \/>\n<link rel=\"canonical\" href=\"https:\/\/www.gefluegel-klein.de\/en\/products\/cooked\/\" \/>\n<meta property=\"og:locale\" content=\"en_US\" \/>\n<meta property=\"og:type\" content=\"article\" \/>\n<meta property=\"og:title\" content=\"Cooked poultry: convenience products by Klein Gefl\u00fcgelfeinkost\" \/>\n<meta property=\"og:description\" content=\"Discover the product range in cooked poultry convenience food at Klein Gefl\u00fcgelfeinkost - Your partner for quality &amp; reliability.\" \/>\n<meta property=\"og:url\" content=\"https:\/\/www.gefluegel-klein.de\/en\/products\/cooked\/\" \/>\n<meta property=\"og:site_name\" content=\"Klein Gefl\u00fcgelmanufaktur\" \/>\n<meta property=\"article:modified_time\" content=\"2021-06-23T14:48:45+00:00\" \/>\n<meta name=\"twitter:card\" content=\"summary_large_image\" \/>\n<meta name=\"twitter:label1\" content=\"Est. reading time\" \/>\n\t<meta name=\"twitter:data1\" content=\"4 minutes\" \/>\n<script type=\"application\/ld+json\" class=\"yoast-schema-graph\">{\"@context\":\"https:\\\/\\\/schema.org\",\"@graph\":[{\"@type\":\"WebPage\",\"@id\":\"https:\\\/\\\/www.gefluegel-klein.de\\\/en\\\/products\\\/cooked\\\/\",\"url\":\"https:\\\/\\\/www.gefluegel-klein.de\\\/en\\\/products\\\/cooked\\\/\",\"name\":\"Cooked poultry: convenience products by Klein Gefl\u00fcgelfeinkost\",\"isPartOf\":{\"@id\":\"https:\\\/\\\/www.gefluegel-klein.de\\\/#website\"},\"datePublished\":\"2021-04-23T10:01:11+00:00\",\"dateModified\":\"2021-06-23T14:48:45+00:00\",\"description\":\"Discover the product range in cooked poultry convenience food at Klein Gefl\u00fcgelfeinkost - Your partner for quality & reliability.\",\"breadcrumb\":{\"@id\":\"https:\\\/\\\/www.gefluegel-klein.de\\\/en\\\/products\\\/cooked\\\/#breadcrumb\"},\"inLanguage\":\"en-US\",\"potentialAction\":[{\"@type\":\"ReadAction\",\"target\":[\"https:\\\/\\\/www.gefluegel-klein.de\\\/en\\\/products\\\/cooked\\\/\"]}]},{\"@type\":\"BreadcrumbList\",\"@id\":\"https:\\\/\\\/www.gefluegel-klein.de\\\/en\\\/products\\\/cooked\\\/#breadcrumb\",\"itemListElement\":[{\"@type\":\"ListItem\",\"position\":1,\"name\":\"Startseite\",\"item\":\"https:\\\/\\\/www.gefluegel-klein.de\\\/en\\\/\"},{\"@type\":\"ListItem\",\"position\":2,\"name\":\"Products\",\"item\":\"https:\\\/\\\/www.gefluegel-klein.de\\\/en\\\/products\\\/\"},{\"@type\":\"ListItem\",\"position\":3,\"name\":\"cooked\"}]},{\"@type\":\"WebSite\",\"@id\":\"https:\\\/\\\/www.gefluegel-klein.de\\\/#website\",\"url\":\"https:\\\/\\\/www.gefluegel-klein.de\\\/\",\"name\":\"Klein Gefl\u00fcgelmanufaktur\",\"description\":\"Gefl\u00fcgelprodukte h\u00f6chster Qualit\u00e4t seit 1963\",\"potentialAction\":[{\"@type\":\"SearchAction\",\"target\":{\"@type\":\"EntryPoint\",\"urlTemplate\":\"https:\\\/\\\/www.gefluegel-klein.de\\\/?s={search_term_string}\"},\"query-input\":{\"@type\":\"PropertyValueSpecification\",\"valueRequired\":true,\"valueName\":\"search_term_string\"}}],\"inLanguage\":\"en-US\"}]}<\/script>\n<!-- \/ Yoast SEO plugin. -->","yoast_head_json":{"title":"Cooked poultry: convenience products by Klein Gefl\u00fcgelfeinkost","description":"Discover the product range in cooked poultry convenience food at Klein Gefl\u00fcgelfeinkost - Your partner for quality & reliability.","robots":{"index":"index","follow":"follow","max-snippet":"max-snippet:-1","max-image-preview":"max-image-preview:large","max-video-preview":"max-video-preview:-1"},"canonical":"https:\/\/www.gefluegel-klein.de\/en\/products\/cooked\/","og_locale":"en_US","og_type":"article","og_title":"Cooked poultry: convenience products by Klein Gefl\u00fcgelfeinkost","og_description":"Discover the product range in cooked poultry convenience food at Klein Gefl\u00fcgelfeinkost - Your partner for quality & reliability.","og_url":"https:\/\/www.gefluegel-klein.de\/en\/products\/cooked\/","og_site_name":"Klein Gefl\u00fcgelmanufaktur","article_modified_time":"2021-06-23T14:48:45+00:00","twitter_card":"summary_large_image","twitter_misc":{"Est. reading time":"4 minutes"},"schema":{"@context":"https:\/\/schema.org","@graph":[{"@type":"WebPage","@id":"https:\/\/www.gefluegel-klein.de\/en\/products\/cooked\/","url":"https:\/\/www.gefluegel-klein.de\/en\/products\/cooked\/","name":"Cooked poultry: convenience products by Klein Gefl\u00fcgelfeinkost","isPartOf":{"@id":"https:\/\/www.gefluegel-klein.de\/#website"},"datePublished":"2021-04-23T10:01:11+00:00","dateModified":"2021-06-23T14:48:45+00:00","description":"Discover the product range in cooked poultry convenience food at Klein Gefl\u00fcgelfeinkost - Your partner for quality & reliability.","breadcrumb":{"@id":"https:\/\/www.gefluegel-klein.de\/en\/products\/cooked\/#breadcrumb"},"inLanguage":"en-US","potentialAction":[{"@type":"ReadAction","target":["https:\/\/www.gefluegel-klein.de\/en\/products\/cooked\/"]}]},{"@type":"BreadcrumbList","@id":"https:\/\/www.gefluegel-klein.de\/en\/products\/cooked\/#breadcrumb","itemListElement":[{"@type":"ListItem","position":1,"name":"Startseite","item":"https:\/\/www.gefluegel-klein.de\/en\/"},{"@type":"ListItem","position":2,"name":"Products","item":"https:\/\/www.gefluegel-klein.de\/en\/products\/"},{"@type":"ListItem","position":3,"name":"cooked"}]},{"@type":"WebSite","@id":"https:\/\/www.gefluegel-klein.de\/#website","url":"https:\/\/www.gefluegel-klein.de\/","name":"Klein Gefl\u00fcgelmanufaktur","description":"Gefl\u00fcgelprodukte h\u00f6chster Qualit\u00e4t seit 1963","potentialAction":[{"@type":"SearchAction","target":{"@type":"EntryPoint","urlTemplate":"https:\/\/www.gefluegel-klein.de\/?s={search_term_string}"},"query-input":{"@type":"PropertyValueSpecification","valueRequired":true,"valueName":"search_term_string"}}],"inLanguage":"en-US"}]}},"_links":{"self":[{"href":"https:\/\/www.gefluegel-klein.de\/en\/wp-json\/wp\/v2\/pages\/2572","targetHints":{"allow":["GET"]}}],"collection":[{"href":"https:\/\/www.gefluegel-klein.de\/en\/wp-json\/wp\/v2\/pages"}],"about":[{"href":"https:\/\/www.gefluegel-klein.de\/en\/wp-json\/wp\/v2\/types\/page"}],"author":[{"embeddable":true,"href":"https:\/\/www.gefluegel-klein.de\/en\/wp-json\/wp\/v2\/users\/1"}],"replies":[{"embeddable":true,"href":"https:\/\/www.gefluegel-klein.de\/en\/wp-json\/wp\/v2\/comments?post=2572"}],"version-history":[{"count":9,"href":"https:\/\/www.gefluegel-klein.de\/en\/wp-json\/wp\/v2\/pages\/2572\/revisions"}],"predecessor-version":[{"id":4115,"href":"https:\/\/www.gefluegel-klein.de\/en\/wp-json\/wp\/v2\/pages\/2572\/revisions\/4115"}],"up":[{"embeddable":true,"href":"https:\/\/www.gefluegel-klein.de\/en\/wp-json\/wp\/v2\/pages\/2568"}],"wp:attachment":[{"href":"https:\/\/www.gefluegel-klein.de\/en\/wp-json\/wp\/v2\/media?parent=2572"}],"curies":[{"name":"wp","href":"https:\/\/api.w.org\/{rel}","templated":true}]}}