{"id":2559,"date":"2021-05-20T16:46:37","date_gmt":"2021-05-20T14:46:37","guid":{"rendered":"https:\/\/www.gefluegel-klein.de\/kunden\/convenience-industrie\/"},"modified":"2021-06-24T15:40:49","modified_gmt":"2021-06-24T13:40:49","slug":"convenience-food-industry","status":"publish","type":"page","link":"https:\/\/www.gefluegel-klein.de\/en\/customers\/convenience-food-industry\/","title":{"rendered":"Convenience Food Industry"},"content":{"rendered":"<p>[et_pb_section fb_built=&#8221;1&#8243; inner_shadow=&#8221;on&#8221; fullwidth=&#8221;on&#8221; admin_label=&#8221;Header Pizza&#8221; _builder_version=&#8221;4.9.0&#8243; _module_preset=&#8221;default&#8221; background_enable_image=&#8221;off&#8221; locked=&#8221;off&#8221; collapsed=&#8221;on&#8221;][et_pb_fullwidth_header title=&#8221;For the Convenience Food Industry in Germany and Abroad&#8221; subhead=&#8221;A reliable supplier for nearly 40 years&#8221; content_max_width=&#8221;66%&#8221; content_max_width_tablet=&#8221;100%&#8221; content_max_width_phone=&#8221;&#8221; content_max_width_last_edited=&#8221;on|tablet&#8221; module_class=&#8221;bgprimcol H1Header&#8221; _builder_version=&#8221;4.9.4&#8243; _module_preset=&#8221;default&#8221; title_font=&#8221;||||||||&#8221; subhead_text_color=&#8221;#FAFBF9&#8243; background_enable_color=&#8221;off&#8221; background_image=&#8221;https:\/\/www.gefluegel-klein.de\/wp-content\/uploads\/2021\/05\/klein-gefluegel-header-pizza.jpg&#8221; min_height=&#8221;705px&#8221; min_height_tablet=&#8221;&#8221; min_height_phone=&#8221;&#8221; min_height_last_edited=&#8221;on|desktop&#8221; custom_padding=&#8221;224px|||60px|false|false&#8221; custom_padding_tablet=&#8221;50px|||20px|false|false&#8221; custom_padding_phone=&#8221;0px|||0px|false|false&#8221; custom_padding_last_edited=&#8221;on|phone&#8221; title_text_shadow_style=&#8221;preset1&#8243;][\/et_pb_fullwidth_header][\/et_pb_section][et_pb_section fb_built=&#8221;1&#8243; admin_label=&#8221;\u00dcberschrift&#8221; module_class=&#8221;bgprimcol&#8221; _builder_version=&#8221;4.9.7&#8243; _module_preset=&#8221;default&#8221; custom_margin=&#8221;||0px||false|false&#8221; custom_padding=&#8221;60px||0px||false|false&#8221; locked=&#8221;off&#8221; collapsed=&#8221;off&#8221;][et_pb_row admin_label=&#8221;Intro Row&#8221; module_class=&#8221;Seitenmodul_2_3&#8243; _builder_version=&#8221;4.9.7&#8243; background_enable_color=&#8221;off&#8221; custom_margin=&#8221;||0px||false|false&#8221; custom_padding=&#8221;0px||0px|||&#8221;][et_pb_column type=&#8221;4_4&#8243; _builder_version=&#8221;3.25&#8243; custom_padding=&#8221;|||&#8221; custom_padding__hover=&#8221;|||&#8221;][et_pb_text _builder_version=&#8221;4.9.7&#8243; header_2_font=&#8221;||||||||&#8221; background_layout=&#8221;dark&#8221; module_alignment=&#8221;center&#8221; custom_margin=&#8221;-1px||||false|false&#8221;]<\/p>\n<h2 class=\"zentriert\">Poultry convenience products for the convenience food industry<\/h2>\n<hr>\n<p>[\/et_pb_text][\/et_pb_column][\/et_pb_row][\/et_pb_section][et_pb_section fb_built=&#8221;1&#8243; admin_label=&#8221;Bild\/Text&#8221; module_class=&#8221;bgprimcol&#8221; _builder_version=&#8221;4.9.0&#8243; _module_preset=&#8221;default&#8221; background_enable_color=&#8221;off&#8221; custom_padding=&#8221;75px||75px|||&#8221; top_divider_color=&#8221;#e5e5e5&#8243; top_divider_height=&#8221;70px&#8221; collapsed=&#8221;off&#8221;][et_pb_row column_structure=&#8221;1_2,1_2&#8243; use_custom_gutter=&#8221;on&#8221; module_class=&#8221;bgprimshd Seitenmodul_2_3&#8243; _builder_version=&#8221;4.9.7&#8243; _module_preset=&#8221;default&#8221; background_enable_color=&#8221;off&#8221; custom_padding=&#8221;20px|20px|20px|20px|false|false&#8221;][et_pb_column type=&#8221;1_2&#8243; _builder_version=&#8221;4.9.0&#8243; _module_preset=&#8221;default&#8221;][et_pb_image src=&#8221;https:\/\/www.gefluegel-klein.de\/wp-content\/uploads\/2021\/05\/klein-pizza-freisteller.png&#8221; alt=&#8221;Freisteller Pizzast\u00fcck auf Holzstab&#8221; align=&#8221;center&#8221; _builder_version=&#8221;4.9.4&#8243; _module_preset=&#8221;default&#8221; animation_style=&#8221;zoom&#8221; animation_duration=&#8221;700ms&#8221; animation_starting_opacity=&#8221;50%&#8221;][\/et_pb_image][\/et_pb_column][et_pb_column type=&#8221;1_2&#8243; _builder_version=&#8221;4.9.0&#8243; _module_preset=&#8221;default&#8221;][et_pb_text module_class=&#8221;TextPhilosophie&#8221; _builder_version=&#8221;4.9.7&#8243; _module_preset=&#8221;default&#8221; header_2_font=&#8221;||||||||&#8221; header_3_font=&#8221;|800|||||||&#8221; header_3_text_align=&#8221;left&#8221; header_3_font_size=&#8221;2.6em&#8221; header_3_letter_spacing=&#8221;-0.03em&#8221; header_3_line_height=&#8221;1.5em&#8221; header_4_font=&#8221;|800|||||||&#8221; header_4_text_align=&#8221;left&#8221; header_4_font_size=&#8221;1.4em&#8221; header_4_letter_spacing=&#8221;-0.03em&#8221; custom_padding=&#8221;35px||||false|false&#8221; hover_enabled=&#8221;0&#8243; sticky_enabled=&#8221;0&#8243;]<\/p>\n<p>Our products have been appreciated and used by numerous companies of the convenience food industry for many years.<\/p>\n<p>Our high quality and strong flexibility permitted us to become a reliable partner in this segment.<\/p>\n<p>[\/et_pb_text][\/et_pb_column][\/et_pb_row][\/et_pb_section][et_pb_section fb_built=&#8221;1&#8243; fullwidth=&#8221;on&#8221; admin_label=&#8221;Ihre Anfrage&#8221; _builder_version=&#8221;4.9.4&#8243; _module_preset=&#8221;default&#8221; background_color=&#8221;#2b282b&#8221; background_color_gradient_direction=&#8221;360deg&#8221; bottom_divider_height=&#8221;70px&#8221; bottom_divider_repeat=&#8221;0x&#8221; global_module=&#8221;1240&#8243; saved_tabs=&#8221;all&#8221; collapsed=&#8221;on&#8221;][et_pb_fullwidth_code _builder_version=&#8221;4.9.4&#8243; _module_preset=&#8221;default&#8221; text_orientation=&#8221;center&#8221; width=&#8221;9%&#8221; width_tablet=&#8221;19%&#8221; width_phone=&#8221;29%&#8221; width_last_edited=&#8221;on|desktop&#8221; module_alignment=&#8221;center&#8221; custom_margin=&#8221;||||false|false&#8221; custom_padding=&#8221;100px||||false|false&#8221; animation_style=&#8221;slide&#8221; animation_direction=&#8221;left&#8221; animation_duration=&#8221;700ms&#8221;]<img decoding=\"async\" alt=\"\" src=\"data:image\/svg+xml;base64,PD94bWwgdmVyc2lvbj0iMS4wIiBlbmNvZGluZz0idXRmLTgiPz4NCjwhLS0gR2VuZXJhdG9yOiBBZG9iZSBJbGx1c3RyYXRvciAyNS4yLjEsIFNWRyBFeHBvcnQgUGx1Zy1JbiAuIFNWRyBWZXJzaW9uOiA2LjAwIEJ1aWxkIDApICAtLT4NCjxzdmcgdmVyc2lvbj0iMS4xIiBpZD0iRWJlbmVfMSIgeG1sbnM9Imh0dHA6Ly93d3cudzMub3JnLzIwMDAvc3ZnIiB4bWxuczp4bGluaz0iaHR0cDovL3d3dy53My5vcmcvMTk5OS94bGluayIgeD0iMHB4IiB5PSIwcHgiDQoJIHZpZXdCb3g9IjAgMCA1MTIgNTEyIiBzdHlsZT0iZW5hYmxlLWJhY2tncm91bmQ6bmV3IDAgMCA1MTIgNTEyOyIgeG1sOnNwYWNlPSJwcmVzZXJ2ZSI+DQo8c3R5bGUgdHlwZT0idGV4dC9jc3MiPg0KCS5zdDB7ZmlsbDojRkZGRkZGO30NCjwvc3R5bGU+DQo8Zz4NCgk8cGF0aCBjbGFzcz0ic3QwIiBkPSJNMTAuOSwzMjQuNmMtMi42LTAuMi04LjItMS40LTkuMy0zLjZjLTEuNS0zLTAuMS03LjgsMi44LTkuOGMxLjgtMS4zLDMuOS0yLjMsNS45LTMuMw0KCQljMTgtOS40LDM2LjItMTguNiw1NC4xLTI4LjJjNTUuMS0yOS4zLDExMC4xLTU4LjksMTY1LjItODguMmM4OC40LTQ3LDE3Ni44LTkzLjgsMjY1LjItMTQwLjZjMS43LTAuOSwzLjUtMi40LDUuMy0yLjYNCgkJYzIuNi0wLjMsNS43LTAuNCw3LjksMC43YzMsMS41LDMuNSw1LDIuNyw4LjJjLTAuNiwyLjUtMS41LDQuOS0yLjMsNy4zYy0yMC40LDYxLjctNDAuOSwxMjMuNC02MS4zLDE4NS4xDQoJCWMtMjEuMSw2My44LTQyLjUsMTI3LjYtNjMuMywxOTEuNWMtNC41LDEzLjctOS42LDE0LTE5LjksNi45Yy0yMi44LTE1LjgtNDYuMS0zMC44LTY5LjEtNDYuMWMtMS45LTEuMi0zLjgtMi40LTYuMy00DQoJCWMtMTYuMSwxOS0zMS43LDM3LjMtNDcuMiw1NS42Yy0yLDIuNC0zLjksNC45LTYuMSw3LjFjLTQuNyw0LjctOC40LDQuNi0xMi45LTAuNGMtMS41LTEuNy0yLjgtMy41LTQuMi01LjMNCgkJYy0zMS4zLTM5LjgtNjIuNi03OS42LTkzLjgtMTE5LjRjLTIuMS0yLjctNC4yLTUuMy02LjUtOC4yYy0yLjUtMC4xLTUtMC4zLTcuNS0wLjRDMTEwLjEsMzI2LjgsMzQsMzI2LjQsMTAuOSwzMjQuNnogTTQ4Ni41LDgzLjUNCgkJYy03OS43LDg2LjMtMTYzLjYsMTc4LjItMjQ0LjEsMjY1LjNjNDMsMjguNiw4NC45LDU2LjQsMTI3LjYsODQuOEw0ODYuNSw4My41eiBNNDQ5LjUsMTAxLjRDMzQ0LjYsMTc0LjEsMjM2LjMsMjQ5LDEzMi4yLDMyMS4xDQoJCWMyOS43LDM3LjgsNTkuNCw3NS40LDg4LjYsMTEyLjZsMi40LTc5YzAtNS41LDEuOS05LjYsNS42LTEzLjVjMzEuNy0zNC4xLDYzLjItNjguNCw5NC44LTEwMi42TDQ0OS41LDEwMS40eiBNMzg3LDEyNS4zDQoJCUw5Mi4xLDI4MS42Yy0xNS4yLDguMS0zMC40LDE2LjEtNDUuNiwyNC4yYy0xLjgsMC45LTMuNCwyLjEtNi41LDQuMmM2LjcsMC4zLDExLjQsMC42LDE2LjIsMC43YzE4LjEsMC4zLDM2LjIsMC40LDU0LjMsMC45DQoJCWM1LjksMC4yLDEwLjgtMS4yLDE1LjctNC42YzMxLjktMjIuNCw2NC00NC41LDk2LTY2LjdMMzg3LDEyNS4zeiBNMjM3LjgsNDM0bDM4LjEtNDQuOUwyMzcsMzYyLjdMMjM3LjgsNDM0eiIvPg0KPC9nPg0KPC9zdmc+DQo=\" \/>[\/et_pb_fullwidth_code][et_pb_fullwidth_header title=&#8221;Your request&#8221; text_orientation=&#8221;center&#8221; button_one_text=&#8221;Write us&#8221; button_one_url=&#8221;https:\/\/www.gefluegel-klein.de\/en\/contact-us\/&#8221; logo_image_url_last_edited=&#8221;off|desktop&#8221; module_class=&#8221;IhreAnfrage&#8221; _builder_version=&#8221;4.9.7&#8243; _module_preset=&#8221;default&#8221; title_level=&#8221;h2&#8243; title_font=&#8221;|800|||||||&#8221; background_enable_color=&#8221;off&#8221; custom_button_one=&#8221;on&#8221; custom_padding=&#8221;15px||100px||false|false&#8221; button_one_text_size_tablet=&#8221;1.2em&#8221; button_one_text_size_phone=&#8221;0.8em&#8221; button_one_text_size_last_edited=&#8221;off|desktop&#8221; button_one_border_width__hover_enabled=&#8221;on|desktop&#8221; button_one_border_width__hover=&#8221;2px&#8221; button_one_border_color__hover_enabled=&#8221;on|hover&#8221; button_one_border_color__hover=&#8221;#FFFFFF&#8221;]<\/p>\n<hr>\n<p>If you have questions about our products or require an individual product design, please give us a call or write us.<br \/>We appreciate your interest!<\/p>\n<p>[\/et_pb_fullwidth_header][\/et_pb_section]<\/p>\n","protected":false},"excerpt":{"rendered":"<p>Poultry convenience products for the convenience food industry Our products have been appreciated and used by numerous companies of the convenience food industry for many years. Our high quality and strong flexibility permitted us to become a reliable partner in this segment. If you have questions about our products or require an individual product design, [&hellip;]<\/p>\n","protected":false},"author":1,"featured_media":0,"parent":2557,"menu_order":0,"comment_status":"closed","ping_status":"closed","template":"","meta":{"_et_pb_use_builder":"on","_et_pb_old_content":"","_et_gb_content_width":"","footnotes":""},"class_list":["post-2559","page","type-page","status-publish","hentry"],"yoast_head":"<!-- This site is optimized with the Yoast SEO plugin v27.4 - https:\/\/yoast.com\/product\/yoast-seo-wordpress\/ -->\n<title>Poultry products for the convenience food industry | Klein Gefl\u00fcgelfeinkost<\/title>\n<meta name=\"description\" content=\"High quality poultry convenience food for the convenience food industry - quality &amp; reliability made in Germany. Find out more about our products.\" \/>\n<meta name=\"robots\" content=\"index, follow, max-snippet:-1, max-image-preview:large, max-video-preview:-1\" \/>\n<link rel=\"canonical\" href=\"https:\/\/www.gefluegel-klein.de\/en\/customers\/convenience-food-industry\/\" \/>\n<meta property=\"og:locale\" content=\"en_US\" \/>\n<meta property=\"og:type\" content=\"article\" \/>\n<meta property=\"og:title\" content=\"Poultry products for the convenience food industry | Klein Gefl\u00fcgelfeinkost\" \/>\n<meta property=\"og:description\" content=\"High quality poultry convenience food for the convenience food industry - quality &amp; reliability made in Germany. Find out more about our products.\" \/>\n<meta property=\"og:url\" content=\"https:\/\/www.gefluegel-klein.de\/en\/customers\/convenience-food-industry\/\" \/>\n<meta property=\"og:site_name\" content=\"Klein Gefl\u00fcgelmanufaktur\" \/>\n<meta property=\"article:modified_time\" content=\"2021-06-24T13:40:49+00:00\" \/>\n<meta property=\"og:image\" content=\"\" \/>\n<meta name=\"twitter:card\" content=\"summary_large_image\" \/>\n<meta name=\"twitter:label1\" content=\"Est. reading time\" \/>\n\t<meta name=\"twitter:data1\" content=\"4 minutes\" \/>\n<script type=\"application\/ld+json\" class=\"yoast-schema-graph\">{\"@context\":\"https:\\\/\\\/schema.org\",\"@graph\":[{\"@type\":\"WebPage\",\"@id\":\"https:\\\/\\\/www.gefluegel-klein.de\\\/en\\\/customers\\\/convenience-food-industry\\\/\",\"url\":\"https:\\\/\\\/www.gefluegel-klein.de\\\/en\\\/customers\\\/convenience-food-industry\\\/\",\"name\":\"Poultry products for the convenience food industry | Klein Gefl\u00fcgelfeinkost\",\"isPartOf\":{\"@id\":\"https:\\\/\\\/www.gefluegel-klein.de\\\/#website\"},\"datePublished\":\"2021-05-20T14:46:37+00:00\",\"dateModified\":\"2021-06-24T13:40:49+00:00\",\"description\":\"High quality poultry convenience food for the convenience food industry - quality & reliability made in Germany. Find out more about our products.\",\"breadcrumb\":{\"@id\":\"https:\\\/\\\/www.gefluegel-klein.de\\\/en\\\/customers\\\/convenience-food-industry\\\/#breadcrumb\"},\"inLanguage\":\"en-US\",\"potentialAction\":[{\"@type\":\"ReadAction\",\"target\":[\"https:\\\/\\\/www.gefluegel-klein.de\\\/en\\\/customers\\\/convenience-food-industry\\\/\"]}]},{\"@type\":\"BreadcrumbList\",\"@id\":\"https:\\\/\\\/www.gefluegel-klein.de\\\/en\\\/customers\\\/convenience-food-industry\\\/#breadcrumb\",\"itemListElement\":[{\"@type\":\"ListItem\",\"position\":1,\"name\":\"Startseite\",\"item\":\"https:\\\/\\\/www.gefluegel-klein.de\\\/en\\\/\"},{\"@type\":\"ListItem\",\"position\":2,\"name\":\"Customers\",\"item\":\"https:\\\/\\\/www.gefluegel-klein.de\\\/en\\\/customers\\\/\"},{\"@type\":\"ListItem\",\"position\":3,\"name\":\"Convenience Food Industry\"}]},{\"@type\":\"WebSite\",\"@id\":\"https:\\\/\\\/www.gefluegel-klein.de\\\/#website\",\"url\":\"https:\\\/\\\/www.gefluegel-klein.de\\\/\",\"name\":\"Klein Gefl\u00fcgelmanufaktur\",\"description\":\"Gefl\u00fcgelprodukte h\u00f6chster Qualit\u00e4t seit 1963\",\"potentialAction\":[{\"@type\":\"SearchAction\",\"target\":{\"@type\":\"EntryPoint\",\"urlTemplate\":\"https:\\\/\\\/www.gefluegel-klein.de\\\/?s={search_term_string}\"},\"query-input\":{\"@type\":\"PropertyValueSpecification\",\"valueRequired\":true,\"valueName\":\"search_term_string\"}}],\"inLanguage\":\"en-US\"}]}<\/script>\n<!-- \/ Yoast SEO plugin. -->","yoast_head_json":{"title":"Poultry products for the convenience food industry | Klein Gefl\u00fcgelfeinkost","description":"High quality poultry convenience food for the convenience food industry - quality & reliability made in Germany. Find out more about our products.","robots":{"index":"index","follow":"follow","max-snippet":"max-snippet:-1","max-image-preview":"max-image-preview:large","max-video-preview":"max-video-preview:-1"},"canonical":"https:\/\/www.gefluegel-klein.de\/en\/customers\/convenience-food-industry\/","og_locale":"en_US","og_type":"article","og_title":"Poultry products for the convenience food industry | Klein Gefl\u00fcgelfeinkost","og_description":"High quality poultry convenience food for the convenience food industry - quality & reliability made in Germany. Find out more about our products.","og_url":"https:\/\/www.gefluegel-klein.de\/en\/customers\/convenience-food-industry\/","og_site_name":"Klein Gefl\u00fcgelmanufaktur","article_modified_time":"2021-06-24T13:40:49+00:00","og_image":[{"url":"data:image\/svg+xml;base64,PD94bWwgdmVyc2lvbj0iMS4wIiBlbmNvZGluZz0idXRmLTgiPz4NCjwhLS0gR2VuZXJhdG9yOiBBZG9iZSBJbGx1c3RyYXRvciAyNS4yLjEsIFNWRyBFeHBvcnQgUGx1Zy1JbiAuIFNWRyBWZXJzaW9uOiA2LjAwIEJ1aWxkIDApICAtLT4NCjxzdmcgdmVyc2lvbj0iMS4xIiBpZD0iRWJlbmVfMSIgeG1sbnM9Imh0dHA6Ly93d3cudzMub3JnLzIwMDAvc3ZnIiB4bWxuczp4bGluaz0iaHR0cDovL3d3dy53My5vcmcvMTk5OS94bGluayIgeD0iMHB4IiB5PSIwcHgiDQoJIHZpZXdCb3g9IjAgMCA1MTIgNTEyIiBzdHlsZT0iZW5hYmxlLWJhY2tncm91bmQ6bmV3IDAgMCA1MTIgNTEyOyIgeG1sOnNwYWNlPSJwcmVzZXJ2ZSI+DQo8c3R5bGUgdHlwZT0idGV4dC9jc3MiPg0KCS5zdDB7ZmlsbDojRkZGRkZGO30NCjwvc3R5bGU+DQo8Zz4NCgk8cGF0aCBjbGFzcz0ic3QwIiBkPSJNMTAuOSwzMjQuNmMtMi42LTAuMi04LjItMS40LTkuMy0zLjZjLTEuNS0zLTAuMS03LjgsMi44LTkuOGMxLjgtMS4zLDMuOS0yLjMsNS45LTMuMw0KCQljMTgtOS40LDM2LjItMTguNiw1NC4xLTI4LjJjNTUuMS0yOS4zLDExMC4xLTU4LjksMTY1LjItODguMmM4OC40LTQ3LDE3Ni44LTkzLjgsMjY1LjItMTQwLjZjMS43LTAuOSwzLjUtMi40LDUuMy0yLjYNCgkJYzIuNi0wLjMsNS43LTAuNCw3LjksMC43YzMsMS41LDMuNSw1LDIuNyw4LjJjLTAuNiwyLjUtMS41LDQuOS0yLjMsNy4zYy0yMC40LDYxLjctNDAuOSwxMjMuNC02MS4zLDE4NS4xDQoJCWMtMjEuMSw2My44LTQyLjUsMTI3LjYtNjMuMywxOTEuNWMtNC41LDEzLjctOS42LDE0LTE5LjksNi45Yy0yMi44LTE1LjgtNDYuMS0zMC44LTY5LjEtNDYuMWMtMS45LTEuMi0zLjgtMi40LTYuMy00DQoJCWMtMTYuMSwxOS0zMS43LDM3LjMtNDcuMiw1NS42Yy0yLDIuNC0zLjksNC45LTYuMSw3LjFjLTQuNyw0LjctOC40LDQuNi0xMi45LTAuNGMtMS41LTEuNy0yLjgtMy41LTQuMi01LjMNCgkJYy0zMS4zLTM5LjgtNjIuNi03OS42LTkzLjgtMTE5LjRjLTIuMS0yLjctNC4yLTUuMy02LjUtOC4yYy0yLjUtMC4xLTUtMC4zLTcuNS0wLjRDMTEwLjEsMzI2LjgsMzQsMzI2LjQsMTAuOSwzMjQuNnogTTQ4Ni41LDgzLjUNCgkJYy03OS43LDg2LjMtMTYzLjYsMTc4LjItMjQ0LjEsMjY1LjNjNDMsMjguNiw4NC45LDU2LjQsMTI3LjYsODQuOEw0ODYuNSw4My41eiBNNDQ5LjUsMTAxLjRDMzQ0LjYsMTc0LjEsMjM2LjMsMjQ5LDEzMi4yLDMyMS4xDQoJCWMyOS43LDM3LjgsNTkuNCw3NS40LDg4LjYsMTEyLjZsMi40LTc5YzAtNS41LDEuOS05LjYsNS42LTEzLjVjMzEuNy0zNC4xLDYzLjItNjguNCw5NC44LTEwMi42TDQ0OS41LDEwMS40eiBNMzg3LDEyNS4zDQoJCUw5Mi4xLDI4MS42Yy0xNS4yLDguMS0zMC40LDE2LjEtNDUuNiwyNC4yYy0xLjgsMC45LTMuNCwyLjEtNi41LDQuMmM2LjcsMC4zLDExLjQsMC42LDE2LjIsMC43YzE4LjEsMC4zLDM2LjIsMC40LDU0LjMsMC45DQoJCWM1LjksMC4yLDEwLjgtMS4yLDE1LjctNC42YzMxLjktMjIuNCw2NC00NC41LDk2LTY2LjdMMzg3LDEyNS4zeiBNMjM3LjgsNDM0bDM4LjEtNDQuOUwyMzcsMzYyLjdMMjM3LjgsNDM0eiIvPg0KPC9nPg0KPC9zdmc+DQo=","type":"","width":"","height":""}],"twitter_card":"summary_large_image","twitter_misc":{"Est. reading time":"4 minutes"},"schema":{"@context":"https:\/\/schema.org","@graph":[{"@type":"WebPage","@id":"https:\/\/www.gefluegel-klein.de\/en\/customers\/convenience-food-industry\/","url":"https:\/\/www.gefluegel-klein.de\/en\/customers\/convenience-food-industry\/","name":"Poultry products for the convenience food industry | Klein Gefl\u00fcgelfeinkost","isPartOf":{"@id":"https:\/\/www.gefluegel-klein.de\/#website"},"datePublished":"2021-05-20T14:46:37+00:00","dateModified":"2021-06-24T13:40:49+00:00","description":"High quality poultry convenience food for the convenience food industry - quality & reliability made in Germany. Find out more about our products.","breadcrumb":{"@id":"https:\/\/www.gefluegel-klein.de\/en\/customers\/convenience-food-industry\/#breadcrumb"},"inLanguage":"en-US","potentialAction":[{"@type":"ReadAction","target":["https:\/\/www.gefluegel-klein.de\/en\/customers\/convenience-food-industry\/"]}]},{"@type":"BreadcrumbList","@id":"https:\/\/www.gefluegel-klein.de\/en\/customers\/convenience-food-industry\/#breadcrumb","itemListElement":[{"@type":"ListItem","position":1,"name":"Startseite","item":"https:\/\/www.gefluegel-klein.de\/en\/"},{"@type":"ListItem","position":2,"name":"Customers","item":"https:\/\/www.gefluegel-klein.de\/en\/customers\/"},{"@type":"ListItem","position":3,"name":"Convenience Food Industry"}]},{"@type":"WebSite","@id":"https:\/\/www.gefluegel-klein.de\/#website","url":"https:\/\/www.gefluegel-klein.de\/","name":"Klein Gefl\u00fcgelmanufaktur","description":"Gefl\u00fcgelprodukte h\u00f6chster Qualit\u00e4t seit 1963","potentialAction":[{"@type":"SearchAction","target":{"@type":"EntryPoint","urlTemplate":"https:\/\/www.gefluegel-klein.de\/?s={search_term_string}"},"query-input":{"@type":"PropertyValueSpecification","valueRequired":true,"valueName":"search_term_string"}}],"inLanguage":"en-US"}]}},"_links":{"self":[{"href":"https:\/\/www.gefluegel-klein.de\/en\/wp-json\/wp\/v2\/pages\/2559","targetHints":{"allow":["GET"]}}],"collection":[{"href":"https:\/\/www.gefluegel-klein.de\/en\/wp-json\/wp\/v2\/pages"}],"about":[{"href":"https:\/\/www.gefluegel-klein.de\/en\/wp-json\/wp\/v2\/types\/page"}],"author":[{"embeddable":true,"href":"https:\/\/www.gefluegel-klein.de\/en\/wp-json\/wp\/v2\/users\/1"}],"replies":[{"embeddable":true,"href":"https:\/\/www.gefluegel-klein.de\/en\/wp-json\/wp\/v2\/comments?post=2559"}],"version-history":[{"count":7,"href":"https:\/\/www.gefluegel-klein.de\/en\/wp-json\/wp\/v2\/pages\/2559\/revisions"}],"predecessor-version":[{"id":4219,"href":"https:\/\/www.gefluegel-klein.de\/en\/wp-json\/wp\/v2\/pages\/2559\/revisions\/4219"}],"up":[{"embeddable":true,"href":"https:\/\/www.gefluegel-klein.de\/en\/wp-json\/wp\/v2\/pages\/2557"}],"wp:attachment":[{"href":"https:\/\/www.gefluegel-klein.de\/en\/wp-json\/wp\/v2\/media?parent=2559"}],"curies":[{"name":"wp","href":"https:\/\/api.w.org\/{rel}","templated":true}]}}