{"id":2535,"date":"2021-04-26T11:25:39","date_gmt":"2021-04-26T09:25:39","guid":{"rendered":"https:\/\/www.gefluegel-klein.de\/about-us\/engagement\/"},"modified":"2021-06-25T13:52:30","modified_gmt":"2021-06-25T11:52:30","slug":"commitment","status":"publish","type":"page","link":"https:\/\/www.gefluegel-klein.de\/en\/about-us\/commitment\/","title":{"rendered":"Commitment"},"content":{"rendered":"<p>[et_pb_section fb_built=&#8221;1&#8243; inner_shadow=&#8221;on&#8221; fullwidth=&#8221;on&#8221; admin_label=&#8221;Header Wokgericht&#8221; _builder_version=&#8221;4.9.0&#8243; _module_preset=&#8221;default&#8221; background_enable_image=&#8221;off&#8221; locked=&#8221;off&#8221; collapsed=&#8221;on&#8221;][et_pb_fullwidth_header title=&#8221;Klein Gefl\u00fcgelfeinkost \u2013 a company shows commitment&#8221; content_max_width=&#8221;66%&#8221; content_max_width_tablet=&#8221;100%&#8221; content_max_width_phone=&#8221;&#8221; content_max_width_last_edited=&#8221;on|tablet&#8221; module_class=&#8221;bgprimcol H1Header&#8221; _builder_version=&#8221;4.9.4&#8243; _module_preset=&#8221;default&#8221; title_font=&#8221;|800|||||||&#8221; subhead_text_color=&#8221;#FAFBF9&#8243; background_enable_color=&#8221;off&#8221; background_image=&#8221;https:\/\/www.gefluegel-klein.de\/wp-content\/uploads\/2021\/05\/klein-gefluegel-header-wokgericht.jpg&#8221; min_height=&#8221;705px&#8221; min_height_tablet=&#8221;&#8221; min_height_phone=&#8221;&#8221; min_height_last_edited=&#8221;on|desktop&#8221; custom_padding=&#8221;224px|||60px|false|false&#8221; custom_padding_tablet=&#8221;50px|||20px|false|false&#8221; custom_padding_phone=&#8221;0px|||0px|false|false&#8221; custom_padding_last_edited=&#8221;on|phone&#8221; title_text_shadow_style=&#8221;preset1&#8243;][\/et_pb_fullwidth_header][\/et_pb_section][et_pb_section fb_built=&#8221;1&#8243; admin_label=&#8221;\u00dcberschrift&#8221; module_class=&#8221;bgprimcol&#8221; _builder_version=&#8221;4.9.0&#8243; _module_preset=&#8221;default&#8221; custom_margin=&#8221;||0px||false|false&#8221; custom_padding=&#8221;60px||0px||false|false&#8221; locked=&#8221;off&#8221; collapsed=&#8221;on&#8221;][et_pb_row admin_label=&#8221;Intro Row&#8221; module_class=&#8221;Seitenmodul_2_3&#8243; _builder_version=&#8221;4.9.0&#8243; background_enable_color=&#8221;off&#8221; custom_margin=&#8221;||0px||false|false&#8221; custom_padding=&#8221;0px||0px|||&#8221;][et_pb_column type=&#8221;4_4&#8243; _builder_version=&#8221;3.25&#8243; custom_padding=&#8221;|||&#8221; custom_padding__hover=&#8221;|||&#8221;][et_pb_text _builder_version=&#8221;4.9.4&#8243; header_2_font=&#8221;||||||||&#8221; background_layout=&#8221;dark&#8221; module_alignment=&#8221;center&#8221; custom_margin=&#8221;-1px||||false|false&#8221;]<\/p>\n<h2 class=\"zentriert\">Our Social Commitment<\/h2>\n<hr>\n<p>[\/et_pb_text][\/et_pb_column][\/et_pb_row][\/et_pb_section][et_pb_section fb_built=&#8221;1&#8243; admin_label=&#8221;Content Sektion&#8221; module_class=&#8221;bgprimcol&#8221; _builder_version=&#8221;4.9.0&#8243; background_enable_color=&#8221;off&#8221; custom_margin=&#8221;||||false|false&#8221; custom_padding=&#8221;45px||75px|||&#8221; top_divider_color=&#8221;#2B282B&#8221; top_divider_height=&#8221;40px&#8221; collapsed=&#8221;on&#8221;][et_pb_row admin_label=&#8221;Content Zeile&#8221; module_class=&#8221;Seitenmodul_2_3 Textabschnitt&#8221; _builder_version=&#8221;4.9.4&#8243; background_enable_color=&#8221;off&#8221; custom_padding=&#8221;0px||50px|||&#8221; collapsed=&#8221;on&#8221;][et_pb_column type=&#8221;4_4&#8243; _builder_version=&#8221;3.25&#8243; custom_padding=&#8221;|||&#8221; custom_padding__hover=&#8221;|||&#8221;][et_pb_text module_class=&#8221;Seitenmodul_1_3&#8243; _builder_version=&#8221;4.9.4&#8243; header_font=&#8221;||||||||&#8221; header_2_font=&#8221;Oswald|||on|||||&#8221; header_2_font_size=&#8221;45px&#8221; header_2_letter_spacing=&#8221;3px&#8221; header_2_line_height=&#8221;1.4em&#8221; background_layout=&#8221;dark&#8221; custom_margin=&#8221;|||&#8221; custom_margin_tablet=&#8221;0px|||&#8221; custom_margin_phone=&#8221;|||&#8221; custom_margin_last_edited=&#8221;off|desktop&#8221;]<\/p>\n<p>Our commitment reaches way beyond our private lives:<br \/>\nAs a family business in its second generation we have always stressed the importance of making a positive contribution for the benefit of our region and to comply with our social responsibilities.<\/p>\n<p>We are a proud and longtime partner of these regional associations:<\/p>\n<p>[\/et_pb_text][\/et_pb_column][\/et_pb_row][et_pb_row column_structure=&#8221;1_3,1_3,1_3&#8243; module_class=&#8221;Seitenmodul_1_3&#8243; _builder_version=&#8221;4.9.4&#8243; _module_preset=&#8221;default&#8221; collapsed=&#8221;on&#8221;][et_pb_column type=&#8221;1_3&#8243; _builder_version=&#8221;4.9.0&#8243; _module_preset=&#8221;default&#8221;][et_pb_image src=&#8221;https:\/\/www.gefluegel-klein.de\/wp-content\/uploads\/2021\/04\/scp_logo.png&#8221; url=&#8221;https:\/\/scpreussen-muenster.de\/&#8221; url_new_window=&#8221;on&#8221; align=&#8221;center&#8221; module_class=&#8221;PartnerLink&#8221; _builder_version=&#8221;4.9.4&#8243; _module_preset=&#8221;default&#8221; height=&#8221;172px&#8221; custom_margin=&#8221;||29px|||&#8221;][\/et_pb_image][et_pb_text module_class=&#8221;PartnerLink&#8221; _builder_version=&#8221;4.9.0&#8243; _module_preset=&#8221;default&#8221; text_orientation=&#8221;center&#8221;]<\/p>\n<p><a href=\"https:\/\/scpreussen-muenster.de\/\" target=\"_blank\" rel=\"noopener\">SC Preu\u00dfen M\u00fcnster<\/a><\/p>\n<p>[\/et_pb_text][\/et_pb_column][et_pb_column type=&#8221;1_3&#8243; _builder_version=&#8221;4.9.0&#8243; _module_preset=&#8221;default&#8221;][et_pb_image src=&#8221;https:\/\/www.gefluegel-klein.de\/wp-content\/uploads\/2021\/04\/rvd_logo.png&#8221; url=&#8221;http:\/\/rennverein-drensteinfurt.de\/&#8221; url_new_window=&#8221;on&#8221; align=&#8221;center&#8221; module_class=&#8221;PartnerLink&#8221; _builder_version=&#8221;4.9.4&#8243; _module_preset=&#8221;default&#8221; height=&#8221;172px&#8221; custom_margin=&#8221;||29px|||&#8221;][\/et_pb_image][et_pb_text module_class=&#8221;PartnerLink&#8221; _builder_version=&#8221;4.9.0&#8243; _module_preset=&#8221;default&#8221; text_orientation=&#8221;center&#8221;]<\/p>\n<p><a href=\"http:\/\/rennverein-drensteinfurt.de\/\" target=\"_blank\" rel=\"noopener\">Rennverein Drensteinfurt<\/a><\/p>\n<p>[\/et_pb_text][\/et_pb_column][et_pb_column type=&#8221;1_3&#8243; _builder_version=&#8221;4.9.0&#8243; _module_preset=&#8221;default&#8221;][et_pb_image src=&#8221;https:\/\/www.gefluegel-klein.de\/wp-content\/uploads\/2021\/04\/svd_logo.png&#8221; url=&#8221;https:\/\/sv-drensteinfurt.de\/&#8221; url_new_window=&#8221;on&#8221; align=&#8221;center&#8221; module_class=&#8221;PartnerLink&#8221; _builder_version=&#8221;4.9.4&#8243; _module_preset=&#8221;default&#8221; custom_margin=&#8221;||30px|||&#8221;][\/et_pb_image][et_pb_text module_class=&#8221;PartnerLink&#8221; _builder_version=&#8221;4.9.0&#8243; _module_preset=&#8221;default&#8221; text_orientation=&#8221;center&#8221;]<\/p>\n<p><a href=\"https:\/\/sv-drensteinfurt.de\/\" target=\"_blank\" rel=\"noopener\">SV Drensteinfurt<\/a><\/p>\n<p>[\/et_pb_text][\/et_pb_column][\/et_pb_row][\/et_pb_section]<\/p>\n","protected":false},"excerpt":{"rendered":"<p>Our Social Commitment Our commitment reaches way beyond our private lives: As a family business in its second generation we have always stressed the importance of making a positive contribution for the benefit of our region and to comply with our social responsibilities. We are a proud and longtime partner of these regional associations:SC Preu\u00dfen [&hellip;]<\/p>\n","protected":false},"author":1,"featured_media":0,"parent":2520,"menu_order":0,"comment_status":"closed","ping_status":"closed","template":"","meta":{"_et_pb_use_builder":"on","_et_pb_old_content":"","_et_gb_content_width":"","footnotes":""},"class_list":["post-2535","page","type-page","status-publish","hentry"],"yoast_head":"<!-- This site is optimized with the Yoast SEO plugin v27.1.1 - https:\/\/yoast.com\/product\/yoast-seo-wordpress\/ -->\n<title>Commitment - Klein Gefl\u00fcgelfeinkost<\/title>\n<meta name=\"description\" content=\"Standing for high quality poultry convenience products, we know about responsibility. Find out more about our social commitment.\" \/>\n<meta name=\"robots\" content=\"index, follow, max-snippet:-1, max-image-preview:large, max-video-preview:-1\" \/>\n<link rel=\"canonical\" href=\"https:\/\/www.gefluegel-klein.de\/en\/about-us\/commitment\/\" \/>\n<meta property=\"og:locale\" content=\"en_US\" \/>\n<meta property=\"og:type\" content=\"article\" \/>\n<meta property=\"og:title\" content=\"Commitment - Klein Gefl\u00fcgelfeinkost\" \/>\n<meta property=\"og:description\" content=\"Standing for high quality poultry convenience products, we know about responsibility. Find out more about our social commitment.\" \/>\n<meta property=\"og:url\" content=\"https:\/\/www.gefluegel-klein.de\/en\/about-us\/commitment\/\" \/>\n<meta property=\"og:site_name\" content=\"Klein Gefl\u00fcgelmanufaktur\" \/>\n<meta property=\"article:modified_time\" content=\"2021-06-25T11:52:30+00:00\" \/>\n<meta name=\"twitter:card\" content=\"summary_large_image\" \/>\n<meta name=\"twitter:label1\" content=\"Est. reading time\" \/>\n\t<meta name=\"twitter:data1\" content=\"3 minutes\" \/>\n<script type=\"application\/ld+json\" class=\"yoast-schema-graph\">{\"@context\":\"https:\/\/schema.org\",\"@graph\":[{\"@type\":\"WebPage\",\"@id\":\"https:\/\/www.gefluegel-klein.de\/en\/about-us\/commitment\/\",\"url\":\"https:\/\/www.gefluegel-klein.de\/en\/about-us\/commitment\/\",\"name\":\"Commitment - Klein Gefl\u00fcgelfeinkost\",\"isPartOf\":{\"@id\":\"https:\/\/www.gefluegel-klein.de\/#website\"},\"datePublished\":\"2021-04-26T09:25:39+00:00\",\"dateModified\":\"2021-06-25T11:52:30+00:00\",\"description\":\"Standing for high quality poultry convenience products, we know about responsibility. Find out more about our social commitment.\",\"breadcrumb\":{\"@id\":\"https:\/\/www.gefluegel-klein.de\/en\/about-us\/commitment\/#breadcrumb\"},\"inLanguage\":\"en-US\",\"potentialAction\":[{\"@type\":\"ReadAction\",\"target\":[\"https:\/\/www.gefluegel-klein.de\/en\/about-us\/commitment\/\"]}]},{\"@type\":\"BreadcrumbList\",\"@id\":\"https:\/\/www.gefluegel-klein.de\/en\/about-us\/commitment\/#breadcrumb\",\"itemListElement\":[{\"@type\":\"ListItem\",\"position\":1,\"name\":\"Startseite\",\"item\":\"https:\/\/www.gefluegel-klein.de\/en\/\"},{\"@type\":\"ListItem\",\"position\":2,\"name\":\"About us\",\"item\":\"https:\/\/www.gefluegel-klein.de\/en\/about-us\/\"},{\"@type\":\"ListItem\",\"position\":3,\"name\":\"Commitment\"}]},{\"@type\":\"WebSite\",\"@id\":\"https:\/\/www.gefluegel-klein.de\/#website\",\"url\":\"https:\/\/www.gefluegel-klein.de\/\",\"name\":\"Klein Gefl\u00fcgelmanufaktur\",\"description\":\"Gefl\u00fcgelprodukte h\u00f6chster Qualit\u00e4t seit 1963\",\"potentialAction\":[{\"@type\":\"SearchAction\",\"target\":{\"@type\":\"EntryPoint\",\"urlTemplate\":\"https:\/\/www.gefluegel-klein.de\/?s={search_term_string}\"},\"query-input\":{\"@type\":\"PropertyValueSpecification\",\"valueRequired\":true,\"valueName\":\"search_term_string\"}}],\"inLanguage\":\"en-US\"}]}<\/script>\n<!-- \/ Yoast SEO plugin. -->","yoast_head_json":{"title":"Commitment - Klein Gefl\u00fcgelfeinkost","description":"Standing for high quality poultry convenience products, we know about responsibility. Find out more about our social commitment.","robots":{"index":"index","follow":"follow","max-snippet":"max-snippet:-1","max-image-preview":"max-image-preview:large","max-video-preview":"max-video-preview:-1"},"canonical":"https:\/\/www.gefluegel-klein.de\/en\/about-us\/commitment\/","og_locale":"en_US","og_type":"article","og_title":"Commitment - Klein Gefl\u00fcgelfeinkost","og_description":"Standing for high quality poultry convenience products, we know about responsibility. Find out more about our social commitment.","og_url":"https:\/\/www.gefluegel-klein.de\/en\/about-us\/commitment\/","og_site_name":"Klein Gefl\u00fcgelmanufaktur","article_modified_time":"2021-06-25T11:52:30+00:00","twitter_card":"summary_large_image","twitter_misc":{"Est. reading time":"3 minutes"},"schema":{"@context":"https:\/\/schema.org","@graph":[{"@type":"WebPage","@id":"https:\/\/www.gefluegel-klein.de\/en\/about-us\/commitment\/","url":"https:\/\/www.gefluegel-klein.de\/en\/about-us\/commitment\/","name":"Commitment - Klein Gefl\u00fcgelfeinkost","isPartOf":{"@id":"https:\/\/www.gefluegel-klein.de\/#website"},"datePublished":"2021-04-26T09:25:39+00:00","dateModified":"2021-06-25T11:52:30+00:00","description":"Standing for high quality poultry convenience products, we know about responsibility. Find out more about our social commitment.","breadcrumb":{"@id":"https:\/\/www.gefluegel-klein.de\/en\/about-us\/commitment\/#breadcrumb"},"inLanguage":"en-US","potentialAction":[{"@type":"ReadAction","target":["https:\/\/www.gefluegel-klein.de\/en\/about-us\/commitment\/"]}]},{"@type":"BreadcrumbList","@id":"https:\/\/www.gefluegel-klein.de\/en\/about-us\/commitment\/#breadcrumb","itemListElement":[{"@type":"ListItem","position":1,"name":"Startseite","item":"https:\/\/www.gefluegel-klein.de\/en\/"},{"@type":"ListItem","position":2,"name":"About us","item":"https:\/\/www.gefluegel-klein.de\/en\/about-us\/"},{"@type":"ListItem","position":3,"name":"Commitment"}]},{"@type":"WebSite","@id":"https:\/\/www.gefluegel-klein.de\/#website","url":"https:\/\/www.gefluegel-klein.de\/","name":"Klein Gefl\u00fcgelmanufaktur","description":"Gefl\u00fcgelprodukte h\u00f6chster Qualit\u00e4t seit 1963","potentialAction":[{"@type":"SearchAction","target":{"@type":"EntryPoint","urlTemplate":"https:\/\/www.gefluegel-klein.de\/?s={search_term_string}"},"query-input":{"@type":"PropertyValueSpecification","valueRequired":true,"valueName":"search_term_string"}}],"inLanguage":"en-US"}]}},"_links":{"self":[{"href":"https:\/\/www.gefluegel-klein.de\/en\/wp-json\/wp\/v2\/pages\/2535","targetHints":{"allow":["GET"]}}],"collection":[{"href":"https:\/\/www.gefluegel-klein.de\/en\/wp-json\/wp\/v2\/pages"}],"about":[{"href":"https:\/\/www.gefluegel-klein.de\/en\/wp-json\/wp\/v2\/types\/page"}],"author":[{"embeddable":true,"href":"https:\/\/www.gefluegel-klein.de\/en\/wp-json\/wp\/v2\/users\/1"}],"replies":[{"embeddable":true,"href":"https:\/\/www.gefluegel-klein.de\/en\/wp-json\/wp\/v2\/comments?post=2535"}],"version-history":[{"count":4,"href":"https:\/\/www.gefluegel-klein.de\/en\/wp-json\/wp\/v2\/pages\/2535\/revisions"}],"predecessor-version":[{"id":4282,"href":"https:\/\/www.gefluegel-klein.de\/en\/wp-json\/wp\/v2\/pages\/2535\/revisions\/4282"}],"up":[{"embeddable":true,"href":"https:\/\/www.gefluegel-klein.de\/en\/wp-json\/wp\/v2\/pages\/2520"}],"wp:attachment":[{"href":"https:\/\/www.gefluegel-klein.de\/en\/wp-json\/wp\/v2\/media?parent=2535"}],"curies":[{"name":"wp","href":"https:\/\/api.w.org\/{rel}","templated":true}]}}