{"id":2529,"date":"2021-04-30T12:37:41","date_gmt":"2021-04-30T10:37:41","guid":{"rendered":"https:\/\/www.gefluegel-klein.de\/about-us\/geschaeftsfuehrung\/"},"modified":"2023-01-02T11:41:18","modified_gmt":"2023-01-02T10:41:18","slug":"management-board","status":"publish","type":"page","link":"https:\/\/www.gefluegel-klein.de\/en\/about-us\/management-board\/","title":{"rendered":"Management Board"},"content":{"rendered":"<p>[et_pb_section fb_built=&#8221;1&#8243; inner_shadow=&#8221;on&#8221; fullwidth=&#8221;on&#8221; admin_label=&#8221;Header Wokgericht&#8221; _builder_version=&#8221;4.16&#8243; _module_preset=&#8221;default&#8221; background_enable_image=&#8221;off&#8221; locked=&#8221;off&#8221; collapsed=&#8221;on&#8221; global_colors_info=&#8221;{}&#8221;][et_pb_fullwidth_header title=&#8221;Klein-Gefl\u00fcgelfeinkost \u2013 competent and experienced&#8221; subhead=&#8221;since 1963&#8243; content_max_width=&#8221;66%&#8221; content_max_width_tablet=&#8221;100%&#8221; content_max_width_phone=&#8221;&#8221; content_max_width_last_edited=&#8221;on|tablet&#8221; module_class=&#8221;bgprimcol H1Header&#8221; _builder_version=&#8221;4.16&#8243; _module_preset=&#8221;default&#8221; title_font=&#8221;|800|||||||&#8221; subhead_text_color=&#8221;#FAFBF9&#8243; background_enable_color=&#8221;off&#8221; background_image=&#8221;https:\/\/www.gefluegel-klein.de\/wp-content\/uploads\/2021\/05\/klein-gefluegel-header-wokgericht.jpg&#8221; min_height=&#8221;705px&#8221; min_height_tablet=&#8221;&#8221; min_height_phone=&#8221;&#8221; min_height_last_edited=&#8221;on|desktop&#8221; custom_padding=&#8221;224px|||60px|false|false&#8221; custom_padding_tablet=&#8221;50px|||20px|false|false&#8221; custom_padding_phone=&#8221;0px|||0px|false|false&#8221; custom_padding_last_edited=&#8221;on|phone&#8221; title_text_shadow_style=&#8221;preset1&#8243; global_colors_info=&#8221;{}&#8221;][\/et_pb_fullwidth_header][\/et_pb_section][et_pb_section fb_built=&#8221;1&#8243; admin_label=&#8221;\u00dcberschrift&#8221; module_class=&#8221;bgprimcol&#8221; _builder_version=&#8221;4.16&#8243; _module_preset=&#8221;default&#8221; custom_margin=&#8221;||0px||false|false&#8221; custom_padding=&#8221;60px||0px||false|false&#8221; locked=&#8221;off&#8221; collapsed=&#8221;on&#8221; global_colors_info=&#8221;{}&#8221;][et_pb_row admin_label=&#8221;Intro Row&#8221; module_class=&#8221;Seitenmodul_2_3&#8243; _builder_version=&#8221;4.16&#8243; background_enable_color=&#8221;off&#8221; custom_margin=&#8221;||0px||false|false&#8221; custom_padding=&#8221;0px||0px|||&#8221; global_colors_info=&#8221;{}&#8221;][et_pb_column type=&#8221;4_4&#8243; _builder_version=&#8221;4.16&#8243; custom_padding=&#8221;|||&#8221; global_colors_info=&#8221;{}&#8221; custom_padding__hover=&#8221;|||&#8221;][et_pb_text _builder_version=&#8221;4.16&#8243; header_2_font=&#8221;||||||||&#8221; background_layout=&#8221;dark&#8221; module_alignment=&#8221;center&#8221; custom_margin=&#8221;-1px||||false|false&#8221; global_colors_info=&#8221;{}&#8221;]<\/p>\n<h2 class=\"zentriert\">Our Management Board<\/h2>\n<hr>\n<p>[\/et_pb_text][\/et_pb_column][\/et_pb_row][\/et_pb_section][et_pb_section fb_built=&#8221;1&#8243; admin_label=&#8221;GF Sektion&#8221; module_class=&#8221;bgprimcol&#8221; _builder_version=&#8221;4.16&#8243; background_enable_color=&#8221;off&#8221; custom_margin=&#8221;||||false|false&#8221; custom_padding=&#8221;45px||75px|||&#8221; top_divider_color=&#8221;#2B282B&#8221; top_divider_height=&#8221;40px&#8221; collapsed=&#8221;on&#8221; global_colors_info=&#8221;{}&#8221;][et_pb_row column_structure=&#8221;1_3,1_3,1_3&#8243; module_class=&#8221;Seitenmodul_2_3&#8243; _builder_version=&#8221;4.16&#8243; _module_preset=&#8221;default&#8221; global_colors_info=&#8221;{}&#8221;][et_pb_column type=&#8221;1_3&#8243; _builder_version=&#8221;4.16&#8243; _module_preset=&#8221;default&#8221; global_colors_info=&#8221;{}&#8221;][et_pb_image src=&#8221;https:\/\/www.gefluegel-klein.de\/wp-content\/uploads\/2021\/06\/michael-klein.jpg&#8221; alt=&#8221;Portraitfoto Herr Michael Klein&#8221; _builder_version=&#8221;4.16&#8243; _module_preset=&#8221;default&#8221; global_colors_info=&#8221;{}&#8221;][\/et_pb_image][et_pb_text module_class=&#8221;PartnerLink&#8221; _builder_version=&#8221;4.16&#8243; _module_preset=&#8221;default&#8221; background_layout=&#8221;dark&#8221; global_colors_info=&#8221;{}&#8221;]<\/p>\n<p><strong class=\"tname\">Michael Klein<\/strong><br \/><span class=\"tdaten\">Managing Director \/ Sales<\/span><\/p>\n<p>[\/et_pb_text][\/et_pb_column][et_pb_column type=&#8221;1_3&#8243; _builder_version=&#8221;4.16&#8243; _module_preset=&#8221;default&#8221; global_colors_info=&#8221;{}&#8221;][et_pb_image src=&#8221;https:\/\/www.gefluegel-klein.de\/wp-content\/uploads\/2021\/06\/thomas-klein.jpg&#8221; alt=&#8221;Portraitfoto Herr Thomas Klein&#8221; _builder_version=&#8221;4.16&#8243; _module_preset=&#8221;default&#8221; global_colors_info=&#8221;{}&#8221;][\/et_pb_image][et_pb_text module_class=&#8221;PartnerLink&#8221; _builder_version=&#8221;4.16&#8243; _module_preset=&#8221;default&#8221; background_layout=&#8221;dark&#8221; global_colors_info=&#8221;{}&#8221;]<\/p>\n<p><strong class=\"tname\">Thomas Klein<\/strong><br \/><span class=\"tdaten\">Managing Director \/ Purchasing<\/span><\/p>\n<p>[\/et_pb_text][\/et_pb_column][et_pb_column type=&#8221;1_3&#8243; _builder_version=&#8221;4.16&#8243; _module_preset=&#8221;default&#8221; global_colors_info=&#8221;{}&#8221;][et_pb_image src=&#8221;https:\/\/www.gefluegel-klein.de\/wp-content\/uploads\/2021\/06\/hendrik-richter.jpg&#8221; alt=&#8221;Portraitfoto Herr Richter&#8221; _builder_version=&#8221;4.16&#8243; _module_preset=&#8221;default&#8221; global_colors_info=&#8221;{}&#8221;][\/et_pb_image][et_pb_text module_class=&#8221;PartnerLink&#8221; _builder_version=&#8221;4.19.3&#8243; _module_preset=&#8221;default&#8221; background_layout=&#8221;dark&#8221; hover_enabled=&#8221;0&#8243; global_colors_info=&#8221;{}&#8221; sticky_enabled=&#8221;0&#8243;]<\/p>\n<p><strong class=\"tname\">Hendrik Richter<\/strong><br \/><span class=\"tdaten\">Managing Director \/ Sales<\/span><\/p>\n<p>[\/et_pb_text][\/et_pb_column][\/et_pb_row][\/et_pb_section]<\/p>\n","protected":false},"excerpt":{"rendered":"<p>Our Management Board Michael KleinManaging Director \/ SalesThomas KleinManaging Director \/ PurchasingHendrik RichterManaging Director \/ Sales<\/p>\n","protected":false},"author":1,"featured_media":0,"parent":2520,"menu_order":0,"comment_status":"closed","ping_status":"closed","template":"","meta":{"_et_pb_use_builder":"on","_et_pb_old_content":"","_et_gb_content_width":"","footnotes":""},"class_list":["post-2529","page","type-page","status-publish","hentry"],"yoast_head":"<!-- This site is optimized with the Yoast SEO plugin v27.4 - https:\/\/yoast.com\/product\/yoast-seo-wordpress\/ -->\n<title>Management Board - Klein Gefl\u00fcgelfeinkost<\/title>\n<meta name=\"description\" content=\"Find out more about the management boards of Klein Gefl\u00fcgelfeinkost.\" \/>\n<meta name=\"robots\" content=\"index, follow, max-snippet:-1, max-image-preview:large, max-video-preview:-1\" \/>\n<link rel=\"canonical\" href=\"https:\/\/www.gefluegel-klein.de\/ueber-uns\/geschaeftsfuehrung\/\" \/>\n<meta property=\"og:locale\" content=\"en_US\" \/>\n<meta property=\"og:type\" content=\"article\" \/>\n<meta property=\"og:title\" content=\"Management Board - Klein Gefl\u00fcgelfeinkost\" \/>\n<meta property=\"og:description\" content=\"Find out more about the management boards of Klein Gefl\u00fcgelfeinkost.\" \/>\n<meta property=\"og:url\" content=\"https:\/\/www.gefluegel-klein.de\/ueber-uns\/geschaeftsfuehrung\/\" \/>\n<meta property=\"og:site_name\" content=\"Klein Gefl\u00fcgelmanufaktur\" \/>\n<meta property=\"article:modified_time\" content=\"2023-01-02T10:41:18+00:00\" \/>\n<meta name=\"twitter:card\" content=\"summary_large_image\" \/>\n<meta name=\"twitter:label1\" content=\"Est. reading time\" \/>\n\t<meta name=\"twitter:data1\" content=\"3 minutes\" \/>\n<script type=\"application\/ld+json\" class=\"yoast-schema-graph\">{\"@context\":\"https:\\\/\\\/schema.org\",\"@graph\":[{\"@type\":\"WebPage\",\"@id\":\"https:\\\/\\\/www.gefluegel-klein.de\\\/ueber-uns\\\/geschaeftsfuehrung\\\/\",\"url\":\"https:\\\/\\\/www.gefluegel-klein.de\\\/ueber-uns\\\/geschaeftsfuehrung\\\/\",\"name\":\"Management Board - Klein Gefl\u00fcgelfeinkost\",\"isPartOf\":{\"@id\":\"https:\\\/\\\/www.gefluegel-klein.de\\\/#website\"},\"datePublished\":\"2021-04-30T10:37:41+00:00\",\"dateModified\":\"2023-01-02T10:41:18+00:00\",\"description\":\"Find out more about the management boards of Klein Gefl\u00fcgelfeinkost.\",\"breadcrumb\":{\"@id\":\"https:\\\/\\\/www.gefluegel-klein.de\\\/ueber-uns\\\/geschaeftsfuehrung\\\/#breadcrumb\"},\"inLanguage\":\"en-US\",\"potentialAction\":[{\"@type\":\"ReadAction\",\"target\":[\"https:\\\/\\\/www.gefluegel-klein.de\\\/ueber-uns\\\/geschaeftsfuehrung\\\/\"]}]},{\"@type\":\"BreadcrumbList\",\"@id\":\"https:\\\/\\\/www.gefluegel-klein.de\\\/ueber-uns\\\/geschaeftsfuehrung\\\/#breadcrumb\",\"itemListElement\":[{\"@type\":\"ListItem\",\"position\":1,\"name\":\"Startseite\",\"item\":\"https:\\\/\\\/www.gefluegel-klein.de\\\/en\\\/\"},{\"@type\":\"ListItem\",\"position\":2,\"name\":\"About us\",\"item\":\"https:\\\/\\\/www.gefluegel-klein.de\\\/en\\\/about-us\\\/\"},{\"@type\":\"ListItem\",\"position\":3,\"name\":\"Management Board\"}]},{\"@type\":\"WebSite\",\"@id\":\"https:\\\/\\\/www.gefluegel-klein.de\\\/#website\",\"url\":\"https:\\\/\\\/www.gefluegel-klein.de\\\/\",\"name\":\"Klein Gefl\u00fcgelmanufaktur\",\"description\":\"Gefl\u00fcgelprodukte h\u00f6chster Qualit\u00e4t seit 1963\",\"potentialAction\":[{\"@type\":\"SearchAction\",\"target\":{\"@type\":\"EntryPoint\",\"urlTemplate\":\"https:\\\/\\\/www.gefluegel-klein.de\\\/?s={search_term_string}\"},\"query-input\":{\"@type\":\"PropertyValueSpecification\",\"valueRequired\":true,\"valueName\":\"search_term_string\"}}],\"inLanguage\":\"en-US\"}]}<\/script>\n<!-- \/ Yoast SEO plugin. -->","yoast_head_json":{"title":"Management Board - Klein Gefl\u00fcgelfeinkost","description":"Find out more about the management boards of Klein Gefl\u00fcgelfeinkost.","robots":{"index":"index","follow":"follow","max-snippet":"max-snippet:-1","max-image-preview":"max-image-preview:large","max-video-preview":"max-video-preview:-1"},"canonical":"https:\/\/www.gefluegel-klein.de\/ueber-uns\/geschaeftsfuehrung\/","og_locale":"en_US","og_type":"article","og_title":"Management Board - Klein Gefl\u00fcgelfeinkost","og_description":"Find out more about the management boards of Klein Gefl\u00fcgelfeinkost.","og_url":"https:\/\/www.gefluegel-klein.de\/ueber-uns\/geschaeftsfuehrung\/","og_site_name":"Klein Gefl\u00fcgelmanufaktur","article_modified_time":"2023-01-02T10:41:18+00:00","twitter_card":"summary_large_image","twitter_misc":{"Est. reading time":"3 minutes"},"schema":{"@context":"https:\/\/schema.org","@graph":[{"@type":"WebPage","@id":"https:\/\/www.gefluegel-klein.de\/ueber-uns\/geschaeftsfuehrung\/","url":"https:\/\/www.gefluegel-klein.de\/ueber-uns\/geschaeftsfuehrung\/","name":"Management Board - Klein Gefl\u00fcgelfeinkost","isPartOf":{"@id":"https:\/\/www.gefluegel-klein.de\/#website"},"datePublished":"2021-04-30T10:37:41+00:00","dateModified":"2023-01-02T10:41:18+00:00","description":"Find out more about the management boards of Klein Gefl\u00fcgelfeinkost.","breadcrumb":{"@id":"https:\/\/www.gefluegel-klein.de\/ueber-uns\/geschaeftsfuehrung\/#breadcrumb"},"inLanguage":"en-US","potentialAction":[{"@type":"ReadAction","target":["https:\/\/www.gefluegel-klein.de\/ueber-uns\/geschaeftsfuehrung\/"]}]},{"@type":"BreadcrumbList","@id":"https:\/\/www.gefluegel-klein.de\/ueber-uns\/geschaeftsfuehrung\/#breadcrumb","itemListElement":[{"@type":"ListItem","position":1,"name":"Startseite","item":"https:\/\/www.gefluegel-klein.de\/en\/"},{"@type":"ListItem","position":2,"name":"About us","item":"https:\/\/www.gefluegel-klein.de\/en\/about-us\/"},{"@type":"ListItem","position":3,"name":"Management Board"}]},{"@type":"WebSite","@id":"https:\/\/www.gefluegel-klein.de\/#website","url":"https:\/\/www.gefluegel-klein.de\/","name":"Klein Gefl\u00fcgelmanufaktur","description":"Gefl\u00fcgelprodukte h\u00f6chster Qualit\u00e4t seit 1963","potentialAction":[{"@type":"SearchAction","target":{"@type":"EntryPoint","urlTemplate":"https:\/\/www.gefluegel-klein.de\/?s={search_term_string}"},"query-input":{"@type":"PropertyValueSpecification","valueRequired":true,"valueName":"search_term_string"}}],"inLanguage":"en-US"}]}},"_links":{"self":[{"href":"https:\/\/www.gefluegel-klein.de\/en\/wp-json\/wp\/v2\/pages\/2529","targetHints":{"allow":["GET"]}}],"collection":[{"href":"https:\/\/www.gefluegel-klein.de\/en\/wp-json\/wp\/v2\/pages"}],"about":[{"href":"https:\/\/www.gefluegel-klein.de\/en\/wp-json\/wp\/v2\/types\/page"}],"author":[{"embeddable":true,"href":"https:\/\/www.gefluegel-klein.de\/en\/wp-json\/wp\/v2\/users\/1"}],"replies":[{"embeddable":true,"href":"https:\/\/www.gefluegel-klein.de\/en\/wp-json\/wp\/v2\/comments?post=2529"}],"version-history":[{"count":5,"href":"https:\/\/www.gefluegel-klein.de\/en\/wp-json\/wp\/v2\/pages\/2529\/revisions"}],"predecessor-version":[{"id":4622,"href":"https:\/\/www.gefluegel-klein.de\/en\/wp-json\/wp\/v2\/pages\/2529\/revisions\/4622"}],"up":[{"embeddable":true,"href":"https:\/\/www.gefluegel-klein.de\/en\/wp-json\/wp\/v2\/pages\/2520"}],"wp:attachment":[{"href":"https:\/\/www.gefluegel-klein.de\/en\/wp-json\/wp\/v2\/media?parent=2529"}],"curies":[{"name":"wp","href":"https:\/\/api.w.org\/{rel}","templated":true}]}}