{"id":2520,"date":"2021-06-15T17:32:20","date_gmt":"2021-06-15T15:32:20","guid":{"rendered":"https:\/\/www.gefluegel-klein.de\/about-us\/"},"modified":"2021-06-25T13:51:43","modified_gmt":"2021-06-25T11:51:43","slug":"about-us","status":"publish","type":"page","link":"https:\/\/www.gefluegel-klein.de\/en\/about-us\/","title":{"rendered":"About us"},"content":{"rendered":"<p>[et_pb_section fb_built=&#8221;1&#8243; inner_shadow=&#8221;on&#8221; fullwidth=&#8221;on&#8221; admin_label=&#8221;Header Wokgericht&#8221; _builder_version=&#8221;4.9.0&#8243; _module_preset=&#8221;default&#8221; background_enable_image=&#8221;off&#8221; locked=&#8221;off&#8221; collapsed=&#8221;on&#8221;][et_pb_fullwidth_header title=&#8221;Klein-Gefl\u00fcgelfeinkost \u2013 competent and experienced&#8221; subhead=&#8221;since 1963&#8243; content_max_width=&#8221;66%&#8221; content_max_width_tablet=&#8221;100%&#8221; content_max_width_phone=&#8221;&#8221; content_max_width_last_edited=&#8221;on|tablet&#8221; module_class=&#8221;bgprimcol H1Header&#8221; _builder_version=&#8221;4.9.7&#8243; _module_preset=&#8221;default&#8221; title_font=&#8221;|800|||||||&#8221; subhead_text_color=&#8221;#FAFBF9&#8243; background_enable_color=&#8221;off&#8221; background_image=&#8221;https:\/\/www.gefluegel-klein.de\/wp-content\/uploads\/2021\/06\/klein-luftaufnahme-eingang.jpg&#8221; min_height=&#8221;705px&#8221; min_height_tablet=&#8221;&#8221; min_height_phone=&#8221;&#8221; min_height_last_edited=&#8221;on|desktop&#8221; custom_padding=&#8221;224px|||60px|false|false&#8221; custom_padding_tablet=&#8221;50px|||20px|false|false&#8221; custom_padding_phone=&#8221;0px|||0px|false|false&#8221; custom_padding_last_edited=&#8221;on|phone&#8221; title_text_shadow_style=&#8221;preset1&#8243;][\/et_pb_fullwidth_header][\/et_pb_section][et_pb_section fb_built=&#8221;1&#8243; admin_label=&#8221;\u00dcberschrift&#8221; module_class=&#8221;bgprimcol&#8221; _builder_version=&#8221;4.9.4&#8243; _module_preset=&#8221;default&#8221; custom_margin=&#8221;||0px||false|false&#8221; custom_padding=&#8221;60px||0px||false|false&#8221; locked=&#8221;off&#8221; collapsed=&#8221;on&#8221;][et_pb_row admin_label=&#8221;Intro Row&#8221; module_class=&#8221;Seitenmodul_2_3&#8243; _builder_version=&#8221;4.9.4&#8243; background_enable_color=&#8221;off&#8221; custom_margin=&#8221;||0px||false|false&#8221; custom_padding=&#8221;0px||0px|||&#8221;][et_pb_column type=&#8221;4_4&#8243; _builder_version=&#8221;3.25&#8243; custom_padding=&#8221;|||&#8221; custom_padding__hover=&#8221;|||&#8221;][et_pb_text _builder_version=&#8221;4.9.4&#8243; header_2_font=&#8221;||||||||&#8221; background_layout=&#8221;dark&#8221; module_alignment=&#8221;center&#8221; custom_margin=&#8221;-1px||||false|false&#8221;]<\/p>\n<h2 class=\"zentriert\">About us<\/h2>\n<hr>\n<p>[\/et_pb_text][\/et_pb_column][\/et_pb_row][\/et_pb_section][et_pb_section fb_built=&#8221;1&#8243; admin_label=&#8221;Content Sektion&#8221; module_class=&#8221;bgprimcol&#8221; _builder_version=&#8221;4.9.0&#8243; background_enable_color=&#8221;off&#8221; custom_margin=&#8221;||||false|false&#8221; custom_padding=&#8221;45px||75px|||&#8221; top_divider_color=&#8221;#2B282B&#8221; top_divider_height=&#8221;40px&#8221; collapsed=&#8221;on&#8221;][et_pb_row admin_label=&#8221;Content Zeile&#8221; module_class=&#8221;Seitenmodul_2_3 Textabschnitt&#8221; _builder_version=&#8221;4.9.4&#8243; background_enable_color=&#8221;off&#8221; custom_padding=&#8221;0px||0px|||&#8221; collapsed=&#8221;off&#8221;][et_pb_column type=&#8221;4_4&#8243; _builder_version=&#8221;3.25&#8243; custom_padding=&#8221;|||&#8221; custom_padding__hover=&#8221;|||&#8221;][et_pb_text module_class=&#8221;Seitenmodul_1_3&#8243; _builder_version=&#8221;4.9.4&#8243; header_font=&#8221;||||||||&#8221; header_2_font=&#8221;Oswald|||on|||||&#8221; header_2_font_size=&#8221;45px&#8221; header_2_letter_spacing=&#8221;3px&#8221; header_2_line_height=&#8221;1.4em&#8221; background_layout=&#8221;dark&#8221; custom_margin=&#8221;|||&#8221; custom_margin_tablet=&#8221;0px|||&#8221; custom_margin_phone=&#8221;|||&#8221; custom_margin_last_edited=&#8221;off|desktop&#8221;]<\/p>\n<p>Bernhard Klein Eierhandel &amp; Kartonagen was founded in 1963 by Bernhard Klein in Drensteinfurt near M\u00fcnster. Since then, the family enterprise thrived continuously over the years.<\/p>\n<p>Klein GmbH &amp; Co. KG was founded in the year of 1977 and initially operated in the storage of frozen food products. Poultry processing was incorporated as a new business line in the year of 1985. From then on, the production of high quality convenience poultry further and further developed, eventually becoming a key segment of the company.<\/p>\n<p>In 1989 and 1992, Bernhard\u2019s sons Michael and Thomas entered the company and they have been running the board of management in its second generation since the year of 2006. In addition to our in-house production, we have been trading with commodities from our partner companies in South America and Asia since 1999.<\/p>\n<p>Flat hierarchies with short decision paths enable us to find individual and flexible solutions at any time. Constant expansion and modernization of our production lines, continuous development of our products and the focus on market trends and customer demands are the key pillars of our success.<\/p>\n<p>[\/et_pb_text][et_pb_image src=&#8221;https:\/\/www.gefluegel-klein.de\/wp-content\/uploads\/2021\/06\/klein-aussenaufnahme-eingang.jpg&#8221; alt=&#8221;Klein GmbH &#038; Co. KG Luftbild Firmengeb\u00e4ude&#8221; align=&#8221;center&#8221; admin_label=&#8221;Bild&#8221; module_class=&#8221;Seitenmodul_1_3 ContentImage&#8221; _builder_version=&#8221;4.9.7&#8243; animation_style=&#8221;zoom&#8221; animation_duration=&#8221;700ms&#8221;][\/et_pb_image][et_pb_text module_class=&#8221;Seitenmodul_1_3&#8243; _builder_version=&#8221;4.9.4&#8243; header_font=&#8221;||||||||&#8221; header_2_font=&#8221;Oswald|||on|||||&#8221; header_2_font_size=&#8221;45px&#8221; header_2_letter_spacing=&#8221;3px&#8221; header_2_line_height=&#8221;1.4em&#8221; background_layout=&#8221;dark&#8221; custom_margin=&#8221;|||&#8221;]<\/p>\n<p>Thanks to almost 60 years of experience and our eagerness to try out new things, we present ourselves today as a future-oriented, reliable and flexible partner for the convenience food industry, canteen kitchens, wholesale and many other sales areas.<\/p>\n<p>Originally founded as a one-man company, today more than 60 committed employees work diligently to achieve the satisfaction of our customers.<\/p>\n<p>Over the years, we have obtained the certifications<br \/><span class=\"extrabold\">FSSC, QS, <span class=\"bio\">BIO<\/span>, <span class=\"halal\">Halal<\/span> and 1* Beter Leven for our products.<\/span><\/p>\n<p>If you have any questions about our products or the planning and advice on new product opportunities, please go to our website, <a href=\"tel:+49250899440\">give us a call<\/a> or <a href=\"https:\/\/www.gefluegel-klein.de\/en\/contact-us\/\">contact us via e-mail<\/a> to get the necessary information. We appreciate your interest!<\/p>\n<p>[\/et_pb_text][\/et_pb_column][\/et_pb_row][\/et_pb_section]<\/p>\n","protected":false},"excerpt":{"rendered":"<p>About us Bernhard Klein Eierhandel &amp; Kartonagen was founded in 1963 by Bernhard Klein in Drensteinfurt near M\u00fcnster. Since then, the family enterprise thrived continuously over the years. Klein GmbH &amp; Co. KG was founded in the year of 1977 and initially operated in the storage of frozen food products. Poultry processing was incorporated as [&hellip;]<\/p>\n","protected":false},"author":1,"featured_media":0,"parent":0,"menu_order":0,"comment_status":"closed","ping_status":"closed","template":"","meta":{"_et_pb_use_builder":"on","_et_pb_old_content":"","_et_gb_content_width":"","footnotes":""},"class_list":["post-2520","page","type-page","status-publish","hentry"],"yoast_head":"<!-- This site is optimized with the Yoast SEO plugin v27.6 - https:\/\/yoast.com\/product\/yoast-seo-wordpress\/ -->\n<title>About us - Klein Gefl\u00fcgelfeinkost<\/title>\n<meta name=\"description\" content=\"Find out more about the company behind high quality poultry convenience products.\" \/>\n<meta name=\"robots\" content=\"index, follow, max-snippet:-1, max-image-preview:large, max-video-preview:-1\" \/>\n<link rel=\"canonical\" href=\"https:\/\/www.gefluegel-klein.de\/en\/about-us\/\" \/>\n<meta property=\"og:locale\" content=\"en_US\" \/>\n<meta property=\"og:type\" content=\"article\" \/>\n<meta property=\"og:title\" content=\"About us - Klein Gefl\u00fcgelfeinkost\" \/>\n<meta property=\"og:description\" content=\"Find out more about the company behind high quality poultry convenience products.\" \/>\n<meta property=\"og:url\" content=\"https:\/\/www.gefluegel-klein.de\/en\/about-us\/\" \/>\n<meta property=\"og:site_name\" content=\"Klein Gefl\u00fcgelmanufaktur\" \/>\n<meta property=\"article:modified_time\" content=\"2021-06-25T11:51:43+00:00\" \/>\n<meta name=\"twitter:card\" content=\"summary_large_image\" \/>\n<meta name=\"twitter:label1\" content=\"Est. reading time\" \/>\n\t<meta name=\"twitter:data1\" content=\"4 minutes\" \/>\n<script type=\"application\/ld+json\" class=\"yoast-schema-graph\">{\"@context\":\"https:\\\/\\\/schema.org\",\"@graph\":[{\"@type\":\"WebPage\",\"@id\":\"https:\\\/\\\/www.gefluegel-klein.de\\\/en\\\/about-us\\\/\",\"url\":\"https:\\\/\\\/www.gefluegel-klein.de\\\/en\\\/about-us\\\/\",\"name\":\"About us - Klein Gefl\u00fcgelfeinkost\",\"isPartOf\":{\"@id\":\"https:\\\/\\\/www.gefluegel-klein.de\\\/#website\"},\"datePublished\":\"2021-06-15T15:32:20+00:00\",\"dateModified\":\"2021-06-25T11:51:43+00:00\",\"description\":\"Find out more about the company behind high quality poultry convenience products.\",\"breadcrumb\":{\"@id\":\"https:\\\/\\\/www.gefluegel-klein.de\\\/en\\\/about-us\\\/#breadcrumb\"},\"inLanguage\":\"en-US\",\"potentialAction\":[{\"@type\":\"ReadAction\",\"target\":[\"https:\\\/\\\/www.gefluegel-klein.de\\\/en\\\/about-us\\\/\"]}]},{\"@type\":\"BreadcrumbList\",\"@id\":\"https:\\\/\\\/www.gefluegel-klein.de\\\/en\\\/about-us\\\/#breadcrumb\",\"itemListElement\":[{\"@type\":\"ListItem\",\"position\":1,\"name\":\"Startseite\",\"item\":\"https:\\\/\\\/www.gefluegel-klein.de\\\/en\\\/\"},{\"@type\":\"ListItem\",\"position\":2,\"name\":\"About us\"}]},{\"@type\":\"WebSite\",\"@id\":\"https:\\\/\\\/www.gefluegel-klein.de\\\/#website\",\"url\":\"https:\\\/\\\/www.gefluegel-klein.de\\\/\",\"name\":\"Klein Gefl\u00fcgelmanufaktur\",\"description\":\"Gefl\u00fcgelprodukte h\u00f6chster Qualit\u00e4t seit 1963\",\"potentialAction\":[{\"@type\":\"SearchAction\",\"target\":{\"@type\":\"EntryPoint\",\"urlTemplate\":\"https:\\\/\\\/www.gefluegel-klein.de\\\/?s={search_term_string}\"},\"query-input\":{\"@type\":\"PropertyValueSpecification\",\"valueRequired\":true,\"valueName\":\"search_term_string\"}}],\"inLanguage\":\"en-US\"}]}<\/script>\n<!-- \/ Yoast SEO plugin. -->","yoast_head_json":{"title":"About us - Klein Gefl\u00fcgelfeinkost","description":"Find out more about the company behind high quality poultry convenience products.","robots":{"index":"index","follow":"follow","max-snippet":"max-snippet:-1","max-image-preview":"max-image-preview:large","max-video-preview":"max-video-preview:-1"},"canonical":"https:\/\/www.gefluegel-klein.de\/en\/about-us\/","og_locale":"en_US","og_type":"article","og_title":"About us - Klein Gefl\u00fcgelfeinkost","og_description":"Find out more about the company behind high quality poultry convenience products.","og_url":"https:\/\/www.gefluegel-klein.de\/en\/about-us\/","og_site_name":"Klein Gefl\u00fcgelmanufaktur","article_modified_time":"2021-06-25T11:51:43+00:00","twitter_card":"summary_large_image","twitter_misc":{"Est. reading time":"4 minutes"},"schema":{"@context":"https:\/\/schema.org","@graph":[{"@type":"WebPage","@id":"https:\/\/www.gefluegel-klein.de\/en\/about-us\/","url":"https:\/\/www.gefluegel-klein.de\/en\/about-us\/","name":"About us - Klein Gefl\u00fcgelfeinkost","isPartOf":{"@id":"https:\/\/www.gefluegel-klein.de\/#website"},"datePublished":"2021-06-15T15:32:20+00:00","dateModified":"2021-06-25T11:51:43+00:00","description":"Find out more about the company behind high quality poultry convenience products.","breadcrumb":{"@id":"https:\/\/www.gefluegel-klein.de\/en\/about-us\/#breadcrumb"},"inLanguage":"en-US","potentialAction":[{"@type":"ReadAction","target":["https:\/\/www.gefluegel-klein.de\/en\/about-us\/"]}]},{"@type":"BreadcrumbList","@id":"https:\/\/www.gefluegel-klein.de\/en\/about-us\/#breadcrumb","itemListElement":[{"@type":"ListItem","position":1,"name":"Startseite","item":"https:\/\/www.gefluegel-klein.de\/en\/"},{"@type":"ListItem","position":2,"name":"About us"}]},{"@type":"WebSite","@id":"https:\/\/www.gefluegel-klein.de\/#website","url":"https:\/\/www.gefluegel-klein.de\/","name":"Klein Gefl\u00fcgelmanufaktur","description":"Gefl\u00fcgelprodukte h\u00f6chster Qualit\u00e4t seit 1963","potentialAction":[{"@type":"SearchAction","target":{"@type":"EntryPoint","urlTemplate":"https:\/\/www.gefluegel-klein.de\/?s={search_term_string}"},"query-input":{"@type":"PropertyValueSpecification","valueRequired":true,"valueName":"search_term_string"}}],"inLanguage":"en-US"}]}},"_links":{"self":[{"href":"https:\/\/www.gefluegel-klein.de\/en\/wp-json\/wp\/v2\/pages\/2520","targetHints":{"allow":["GET"]}}],"collection":[{"href":"https:\/\/www.gefluegel-klein.de\/en\/wp-json\/wp\/v2\/pages"}],"about":[{"href":"https:\/\/www.gefluegel-klein.de\/en\/wp-json\/wp\/v2\/types\/page"}],"author":[{"embeddable":true,"href":"https:\/\/www.gefluegel-klein.de\/en\/wp-json\/wp\/v2\/users\/1"}],"replies":[{"embeddable":true,"href":"https:\/\/www.gefluegel-klein.de\/en\/wp-json\/wp\/v2\/comments?post=2520"}],"version-history":[{"count":6,"href":"https:\/\/www.gefluegel-klein.de\/en\/wp-json\/wp\/v2\/pages\/2520\/revisions"}],"predecessor-version":[{"id":4281,"href":"https:\/\/www.gefluegel-klein.de\/en\/wp-json\/wp\/v2\/pages\/2520\/revisions\/4281"}],"wp:attachment":[{"href":"https:\/\/www.gefluegel-klein.de\/en\/wp-json\/wp\/v2\/media?parent=2520"}],"curies":[{"name":"wp","href":"https:\/\/api.w.org\/{rel}","templated":true}]}}