{"id":2456,"date":"2021-04-27T14:55:52","date_gmt":"2021-04-27T12:55:52","guid":{"rendered":"https:\/\/www.gefluegel-klein.de\/kontakt\/"},"modified":"2021-06-23T13:56:53","modified_gmt":"2021-06-23T11:56:53","slug":"contact-us","status":"publish","type":"page","link":"https:\/\/www.gefluegel-klein.de\/en\/contact-us\/","title":{"rendered":"Contact us"},"content":{"rendered":"<p>[et_pb_section fb_built=&#8221;1&#8243; admin_label=&#8221;\u00dcberschrift&#8221; module_class=&#8221;bgprimcol&#8221; _builder_version=&#8221;4.9.0&#8243; _module_preset=&#8221;default&#8221; custom_margin=&#8221;||0px||false|false&#8221; custom_padding=&#8221;60px||0px||false|false&#8221; collapsed=&#8221;off&#8221;][et_pb_row admin_label=&#8221;Intro Row&#8221; module_class=&#8221;Seitenmodul_2_3&#8243; _builder_version=&#8221;4.9.0&#8243; background_enable_color=&#8221;off&#8221; custom_margin=&#8221;||0px||false|false&#8221; custom_padding=&#8221;0px||0px|||&#8221;][et_pb_column type=&#8221;4_4&#8243; _builder_version=&#8221;3.25&#8243; custom_padding=&#8221;|||&#8221; custom_padding__hover=&#8221;|||&#8221;][et_pb_text _builder_version=&#8221;4.9.7&#8243; header_2_font=&#8221;|800|||||||&#8221; header_2_font_size=&#8221;45px&#8221; header_2_letter_spacing=&#8221;-0.03em&#8221; background_layout=&#8221;dark&#8221; module_alignment=&#8221;center&#8221; custom_margin=&#8221;-1px||||false|false&#8221;]<\/p>\n<h1 class=\"zentriert wieh2\">Write us<\/h1>\n<hr>\n<p>[\/et_pb_text][\/et_pb_column][\/et_pb_row][\/et_pb_section][et_pb_section fb_built=&#8221;1&#8243; admin_label=&#8221;Kontaktform&#8221; module_class=&#8221;bgprimcol&#8221; _builder_version=&#8221;4.9.4&#8243; _module_preset=&#8221;default&#8221; collapsed=&#8221;off&#8221;][et_pb_row module_class=&#8221;Seitenmodul_2_3&#8243; _builder_version=&#8221;4.9.4&#8243; _module_preset=&#8221;default&#8221;][et_pb_column type=&#8221;4_4&#8243; _builder_version=&#8221;4.9.4&#8243; _module_preset=&#8221;default&#8221;][dvppl_cf7_styler form_padding=&#8221;20px|15px|1px|15px|false|false&#8221; button_alignment=&#8221;center&#8221; cf7=&#8221;4022&#8243; module_class=&#8221;Seitenmodul_1_3 KontaktformContainer&#8221; _builder_version=&#8221;4.9.7&#8243; _module_preset=&#8221;default&#8221; form_field_font_font_size=&#8221;1.1em&#8221; form_field_font_line_height=&#8221;1.5em&#8221; custom_margin=&#8221;||||false|false&#8221; custom_padding=&#8221;||||false|false&#8221; hover_enabled=&#8221;0&#8243; box_shadow_style=&#8221;preset3&#8243; sticky_enabled=&#8221;0&#8243;][\/dvppl_cf7_styler][\/et_pb_column][\/et_pb_row][\/et_pb_section]<\/p>\n","protected":false},"excerpt":{"rendered":"<p>Write us <div class=\"et_pb_module dvppl_cf7_styler dvppl_cf7_styler_0 Seitenmodul_1_3 KontaktformContainer\">\n\t\t\t\t\n\t\t\t\t\n\t\t\t\t\n\t\t\t\t\n\t\t\t\t\n\t\t\t\t\n\t\t\t\t<div class=\"et_pb_module_inner\">\n\t\t\t\t\t<div class=\"dipe-cf7-container dipe-cf7-button-center\">\n\t\t\t\t\n\t\t\t\t<div class=\"dipe-cf7 dipe-cf7-styler \">\n\t\t\t\t\t\n<div class=\"wpcf7 no-js\" id=\"wpcf7-f4022-o1\" lang=\"de-DE\" dir=\"ltr\" data-wpcf7-id=\"4022\">\n<div class=\"screen-reader-response\"><p role=\"status\" aria-live=\"polite\" aria-atomic=\"true\"><\/p> <ul><\/ul><\/div>\n<form action=\"\/en\/wp-json\/wp\/v2\/pages\/2456#wpcf7-f4022-o1\" method=\"post\" class=\"wpcf7-form init wpcf7-acceptance-as-validation\" aria-label=\"Kontaktformular\" novalidate=\"novalidate\" data-status=\"init\">\n<fieldset class=\"hidden-fields-container\"><input type=\"hidden\" name=\"_wpcf7\" value=\"4022\" \/><input type=\"hidden\" name=\"_wpcf7_version\" value=\"6.1.5\" \/><input type=\"hidden\" name=\"_wpcf7_locale\" value=\"de_DE\" \/><input type=\"hidden\" name=\"_wpcf7_unit_tag\" value=\"wpcf7-f4022-o1\" \/><input type=\"hidden\" name=\"_wpcf7_container_post\" value=\"0\" \/><input type=\"hidden\" name=\"_wpcf7_posted_data_hash\" value=\"\" \/>\n<\/fieldset>\n<div class=\"kontaktform\">\n<div class=\"dp-row\">\n\t\t\t\t\n<div class=\"dp-col dp-col-12\">\n\t\t\t\t<span style=\"font-weight:bold\">Please make only business inquiries. Thank you!<\/span>\n        \t<\/div>\n\n        \t<\/div>\n\n<div class=\"dp-row\">\n\t\t\t\t\n<div class=\"dp-col dp-col-12 dp-col-md-6 dp-col-lg-6\">\n\t\t\t\t<span class=\"wpcf7-form-control-wrap\" data-name=\"your-name\"><input size=\"40\" maxlength=\"400\" class=\"wpcf7-form-control wpcf7-text wpcf7-validates-as-required kffeld\" aria-required=\"true\" aria-invalid=\"false\" placeholder=\"Name *\" value=\"\" type=\"text\" name=\"your-name\" \/><\/span>\n        \t<\/div>\n<div class=\"dp-col dp-col-12 dp-col-md-6 dp-col-lg-6\">\n\t\t\t\t<span class=\"wpcf7-form-control-wrap\" data-name=\"your-company\"><input size=\"40\" maxlength=\"400\" class=\"wpcf7-form-control wpcf7-text wpcf7-validates-as-required kffeld\" aria-required=\"true\" aria-invalid=\"false\" placeholder=\"Company *\" value=\"\" type=\"text\" name=\"your-company\" \/><\/span>\n        \t<\/div>\n\n        \t<\/div>\n\n<div class=\"dp-row\">\n\t\t\t\t\n<div class=\"dp-col dp-col-12 dp-col-md-6 dp-col-lg-6\">\n\t\t\t\t<span class=\"wpcf7-form-control-wrap\" data-name=\"your-email\"><input size=\"40\" maxlength=\"400\" class=\"wpcf7-form-control wpcf7-email wpcf7-validates-as-required wpcf7-text wpcf7-validates-as-email kffeld\" aria-required=\"true\" aria-invalid=\"false\" placeholder=\"E-mail address *\" value=\"\" type=\"email\" name=\"your-email\" \/><\/span>\n        \t<\/div>\n<div class=\"dp-col dp-col-12 dp-col-md-6 dp-col-lg-6\">\n\t\t\t\t<span class=\"wpcf7-form-control-wrap\" data-name=\"your-tel\"><input size=\"40\" maxlength=\"400\" class=\"wpcf7-form-control wpcf7-tel wpcf7-validates-as-required wpcf7-text wpcf7-validates-as-tel kffeld\" aria-required=\"true\" aria-invalid=\"false\" placeholder=\"Phone number *\" value=\"\" type=\"tel\" name=\"your-tel\" \/><\/span>\n        \t<\/div>\n\n        \t<\/div>\n\n<div class=\"dp-row\">\n\t\t\t\t\n<div class=\"dp-col dp-col-12\">\n\t\t\t\t<span class=\"wpcf7-form-control-wrap\" data-name=\"betreff\"><select class=\"wpcf7-form-control wpcf7-select\" aria-invalid=\"false\" name=\"betreff\"><option value=\"\">Choose an option<\/option><option value=\"General request\">General request<\/option><option value=\"Chicken breast fillet, fry-steamed\">Chicken breast fillet, fry-steamed<\/option><option value=\"Chicken breast strips, fry-steamed\">Chicken breast strips, fry-steamed<\/option><option value=\"Chicken inner fillet, fry-steamed\">Chicken inner fillet, fry-steamed<\/option><option value=\"Chicken breast inner fillet pieces, fry-steamed\">Chicken breast inner fillet pieces, fry-steamed<\/option><option value=\"Chicken breast plain, roasted, slices\">Chicken breast plain, roasted, slices<\/option><option value=\"Chicken breast marinated, roasted, slices\">Chicken breast marinated, roasted, slices<\/option><option value=\"Chicken breast granulate, marinated, roasted\">Chicken breast granulate, marinated, roasted<\/option><option value=\"Chicken breast steam cooked, diced\">Chicken breast steam cooked, diced<\/option><option value=\"Chicken meat steam cooked, diced, natural proportion\">Chicken meat steam cooked, diced, natural proportion<\/option><option value=\"Chicken steak breaded, fully cooked\">Chicken steak breaded, fully cooked<\/option><option value=\"Chicken nuggets breaded, fully cooked\">Chicken nuggets breaded, fully cooked<\/option><option value=\"Chicken nuggets battered, fully cooked\">Chicken nuggets battered, fully cooked<\/option><option value=\"Hen meat cooked, diced, natural proportion\">Hen meat cooked, diced, natural proportion<\/option><option value=\"Turkey breast strips, fry-steamed\">Turkey breast strips, fry-steamed<\/option><option value=\"Turkey breast strips, fry-steamed, organic quality\">Turkey breast strips, fry-steamed, organic quality<\/option><option value=\"Technical question\">Technical question<\/option><option value=\"Praise &amp; Criticism\">Praise &amp; Criticism<\/option><\/select><\/span>\n        \t<\/div>\n\n        \t<\/div>\n\n<div class=\"dp-row\">\n\t\t\t\t\n<div class=\"dp-col dp-col-12\">\n\t\t\t\t<span class=\"wpcf7-form-control-wrap\" data-name=\"your-message\"><textarea cols=\"40\" rows=\"10\" maxlength=\"2000\" class=\"wpcf7-form-control wpcf7-textarea\" aria-invalid=\"false\" placeholder=\"Your message\" name=\"your-message\"><\/textarea><\/span>\n        \t<\/div>\n\n        \t<\/div>\n\n<div class=\"dp-row\">\n\t\t\t\t\n<div class=\"dp-col dp-col-12\">\n\t\t\t\t\n<p style=\"font-size: .8rem; color: #666\"><span class=\"wpcf7-form-control-wrap\" data-name=\"acceptance\"><span class=\"wpcf7-form-control wpcf7-acceptance\"><span class=\"wpcf7-list-item\"><label><input type=\"checkbox\" name=\"acceptance\" value=\"1\" aria-invalid=\"false\" \/><span class=\"wpcf7-list-item-label\">I accept, that the information provided by me in this contact form are being collected and processed due to handling my request. <u>Please note:<\/u> your data is being deleted after successfully processing your request. This agreement can be cancelled anytime via e-mail to <a href=\"mailto:info@gefluegel-klein.de\">info@gefluegel-klein.de<\/a>.\nDetailede informationen regarding the handling of user-data is available at our <a href=\"\/data-security\/\">Data-Security<\/a> page.<\/span><\/label><\/span><\/span><\/span><\/p>\n\n        \t<\/div>\n\n        \t<\/div>\n\n<input class=\"wpcf7-form-control wpcf7-submit has-spinner\" type=\"submit\" value=\"Send\" \/>\n<\/div><div class=\"wpcf7-response-output\" aria-hidden=\"true\"><\/div>\n<\/form>\n<\/div>\n\n\t\t\t\t<\/div>\n\t\t\t<\/div>\n\t\t\t\t<\/div>\n\t\t\t<\/div><\/p>\n","protected":false},"author":1,"featured_media":0,"parent":0,"menu_order":0,"comment_status":"closed","ping_status":"closed","template":"","meta":{"_et_pb_use_builder":"on","_et_pb_old_content":"","_et_gb_content_width":"","footnotes":""},"class_list":["post-2456","page","type-page","status-publish","hentry"],"yoast_head":"<!-- This site is optimized with the Yoast SEO plugin v27.6 - https:\/\/yoast.com\/product\/yoast-seo-wordpress\/ -->\n<title>Contact us - Klein Gefl\u00fcgelmanufaktur<\/title>\n<meta name=\"robots\" content=\"index, follow, max-snippet:-1, max-image-preview:large, max-video-preview:-1\" \/>\n<link rel=\"canonical\" href=\"https:\/\/www.gefluegel-klein.de\/en\/contact-us\/\" \/>\n<meta property=\"og:locale\" content=\"en_US\" \/>\n<meta property=\"og:type\" content=\"article\" \/>\n<meta property=\"og:title\" content=\"Contact us - Klein Gefl\u00fcgelmanufaktur\" \/>\n<meta property=\"og:description\" content=\"Write us\" \/>\n<meta property=\"og:url\" content=\"https:\/\/www.gefluegel-klein.de\/en\/contact-us\/\" \/>\n<meta property=\"og:site_name\" content=\"Klein Gefl\u00fcgelmanufaktur\" \/>\n<meta property=\"article:modified_time\" content=\"2021-06-23T11:56:53+00:00\" \/>\n<meta name=\"twitter:card\" content=\"summary_large_image\" \/>\n<meta name=\"twitter:label1\" content=\"Est. reading time\" \/>\n\t<meta name=\"twitter:data1\" content=\"1 minute\" \/>\n<script type=\"application\/ld+json\" class=\"yoast-schema-graph\">{\"@context\":\"https:\\\/\\\/schema.org\",\"@graph\":[{\"@type\":\"WebPage\",\"@id\":\"https:\\\/\\\/www.gefluegel-klein.de\\\/en\\\/contact-us\\\/\",\"url\":\"https:\\\/\\\/www.gefluegel-klein.de\\\/en\\\/contact-us\\\/\",\"name\":\"Contact us - Klein Gefl\u00fcgelmanufaktur\",\"isPartOf\":{\"@id\":\"https:\\\/\\\/www.gefluegel-klein.de\\\/#website\"},\"datePublished\":\"2021-04-27T12:55:52+00:00\",\"dateModified\":\"2021-06-23T11:56:53+00:00\",\"breadcrumb\":{\"@id\":\"https:\\\/\\\/www.gefluegel-klein.de\\\/en\\\/contact-us\\\/#breadcrumb\"},\"inLanguage\":\"en-US\",\"potentialAction\":[{\"@type\":\"ReadAction\",\"target\":[\"https:\\\/\\\/www.gefluegel-klein.de\\\/en\\\/contact-us\\\/\"]}]},{\"@type\":\"BreadcrumbList\",\"@id\":\"https:\\\/\\\/www.gefluegel-klein.de\\\/en\\\/contact-us\\\/#breadcrumb\",\"itemListElement\":[{\"@type\":\"ListItem\",\"position\":1,\"name\":\"Startseite\",\"item\":\"https:\\\/\\\/www.gefluegel-klein.de\\\/en\\\/\"},{\"@type\":\"ListItem\",\"position\":2,\"name\":\"Contact us\"}]},{\"@type\":\"WebSite\",\"@id\":\"https:\\\/\\\/www.gefluegel-klein.de\\\/#website\",\"url\":\"https:\\\/\\\/www.gefluegel-klein.de\\\/\",\"name\":\"Klein Gefl\u00fcgelmanufaktur\",\"description\":\"Gefl\u00fcgelprodukte h\u00f6chster Qualit\u00e4t seit 1963\",\"potentialAction\":[{\"@type\":\"SearchAction\",\"target\":{\"@type\":\"EntryPoint\",\"urlTemplate\":\"https:\\\/\\\/www.gefluegel-klein.de\\\/?s={search_term_string}\"},\"query-input\":{\"@type\":\"PropertyValueSpecification\",\"valueRequired\":true,\"valueName\":\"search_term_string\"}}],\"inLanguage\":\"en-US\"}]}<\/script>\n<!-- \/ Yoast SEO plugin. -->","yoast_head_json":{"title":"Contact us - Klein Gefl\u00fcgelmanufaktur","robots":{"index":"index","follow":"follow","max-snippet":"max-snippet:-1","max-image-preview":"max-image-preview:large","max-video-preview":"max-video-preview:-1"},"canonical":"https:\/\/www.gefluegel-klein.de\/en\/contact-us\/","og_locale":"en_US","og_type":"article","og_title":"Contact us - Klein Gefl\u00fcgelmanufaktur","og_description":"Write us","og_url":"https:\/\/www.gefluegel-klein.de\/en\/contact-us\/","og_site_name":"Klein Gefl\u00fcgelmanufaktur","article_modified_time":"2021-06-23T11:56:53+00:00","twitter_card":"summary_large_image","twitter_misc":{"Est. reading time":"1 minute"},"schema":{"@context":"https:\/\/schema.org","@graph":[{"@type":"WebPage","@id":"https:\/\/www.gefluegel-klein.de\/en\/contact-us\/","url":"https:\/\/www.gefluegel-klein.de\/en\/contact-us\/","name":"Contact us - Klein Gefl\u00fcgelmanufaktur","isPartOf":{"@id":"https:\/\/www.gefluegel-klein.de\/#website"},"datePublished":"2021-04-27T12:55:52+00:00","dateModified":"2021-06-23T11:56:53+00:00","breadcrumb":{"@id":"https:\/\/www.gefluegel-klein.de\/en\/contact-us\/#breadcrumb"},"inLanguage":"en-US","potentialAction":[{"@type":"ReadAction","target":["https:\/\/www.gefluegel-klein.de\/en\/contact-us\/"]}]},{"@type":"BreadcrumbList","@id":"https:\/\/www.gefluegel-klein.de\/en\/contact-us\/#breadcrumb","itemListElement":[{"@type":"ListItem","position":1,"name":"Startseite","item":"https:\/\/www.gefluegel-klein.de\/en\/"},{"@type":"ListItem","position":2,"name":"Contact us"}]},{"@type":"WebSite","@id":"https:\/\/www.gefluegel-klein.de\/#website","url":"https:\/\/www.gefluegel-klein.de\/","name":"Klein Gefl\u00fcgelmanufaktur","description":"Gefl\u00fcgelprodukte h\u00f6chster Qualit\u00e4t seit 1963","potentialAction":[{"@type":"SearchAction","target":{"@type":"EntryPoint","urlTemplate":"https:\/\/www.gefluegel-klein.de\/?s={search_term_string}"},"query-input":{"@type":"PropertyValueSpecification","valueRequired":true,"valueName":"search_term_string"}}],"inLanguage":"en-US"}]}},"_links":{"self":[{"href":"https:\/\/www.gefluegel-klein.de\/en\/wp-json\/wp\/v2\/pages\/2456","targetHints":{"allow":["GET"]}}],"collection":[{"href":"https:\/\/www.gefluegel-klein.de\/en\/wp-json\/wp\/v2\/pages"}],"about":[{"href":"https:\/\/www.gefluegel-klein.de\/en\/wp-json\/wp\/v2\/types\/page"}],"author":[{"embeddable":true,"href":"https:\/\/www.gefluegel-klein.de\/en\/wp-json\/wp\/v2\/users\/1"}],"replies":[{"embeddable":true,"href":"https:\/\/www.gefluegel-klein.de\/en\/wp-json\/wp\/v2\/comments?post=2456"}],"version-history":[{"count":10,"href":"https:\/\/www.gefluegel-klein.de\/en\/wp-json\/wp\/v2\/pages\/2456\/revisions"}],"predecessor-version":[{"id":4023,"href":"https:\/\/www.gefluegel-klein.de\/en\/wp-json\/wp\/v2\/pages\/2456\/revisions\/4023"}],"wp:attachment":[{"href":"https:\/\/www.gefluegel-klein.de\/en\/wp-json\/wp\/v2\/media?parent=2456"}],"curies":[{"name":"wp","href":"https:\/\/api.w.org\/{rel}","templated":true}]}}